{"id":5579,"date":"2023-07-06T07:20:53","date_gmt":"2023-07-06T07:20:53","guid":{"rendered":"https:\/\/www.odum.fi\/wb-kotico\/description-of-data-file\/"},"modified":"2023-12-14T08:26:24","modified_gmt":"2023-12-14T08:26:24","slug":"description-of-data-file","status":"publish","type":"page","link":"https:\/\/www.odum.fi\/wb-kotico\/description-of-data-file\/?lang=en","title":{"rendered":"Description of Data File"},"content":{"rendered":"\n<h2 class=\"wp-block-heading\">1. Data Controller<\/h2>\n\n\n\n<p>Name: Kotico Oy, 3017200-6<br>Address: Alasein\u00e4joenkatu 1, FI-60220 Sein\u00e4joki, Finland<\/p>\n\n\n\n<h2 class=\"wp-block-heading\">2. Contact person for matters relating to the data file<\/h2>\n\n\n\n<p>Name: Hanna-Mari Piikkil\u00e4, Data Protection Officer<br>Address: Alasein\u00e4joenkatu 1, FI-60220 Sein\u00e4joki, Finland<br>Other contact details: hanna-mari.piikkila@kotico.fi<\/p>\n\n\n\n<h2 class=\"wp-block-heading\">3. Name of the data file<\/h2>\n\n\n\n<p>WB Smart whistleblowing channel<\/p>\n\n\n\n<h2 class=\"wp-block-heading\">4. Purpose of the processing of personal data<\/h2>\n\n\n\n<p>The purpose of processing personal data is the handling of reports submitted through the Whistleblowing Channel. The information is processed in the investigation of reported cases and in the processing of possible sanctions. Personal data is retained for as long as necessary to fulfill the purposes defined in the privacy policy, unless legislation requires the retention of personal data for a longer period.<\/p>\n\n\n\n<h2 class=\"wp-block-heading\">5. Content of the Registry Information<\/h2>\n\n\n\n<p>The stored information includes name, email address, mobile phone number, employer and other information provided by the notifier in the notification.<\/p>\n\n\n\n<h2 class=\"wp-block-heading\">6. Regular Data Sources<\/h2>\n\n\n\n<p>Personal data is obtained through the Whistleblowing Reporting Channel as submitted by the notifier.<\/p>\n\n\n\n<h2 class=\"wp-block-heading\">7. Regular destinations of disclosed data<\/h2>\n\n\n\n<p>Information is not routinely disclosed, but personal data may be disclosed to authorities, for example, upon their request, as required by law, and to enforce the rights of the parties involved in the notification<\/p>\n\n\n\n<h2 class=\"wp-block-heading\">8. Transfer of data outside the EU or EEA<\/h2>\n\n\n\n<p>Data is not transferred outside the EU or EEA.<\/p>\n\n\n\n<h2 class=\"wp-block-heading\">9. Principles of Registry Protection<\/h2>\n\n\n\n<p><strong>A. Manual material<\/strong><br>Paper and manual materials are not used.<\/p>\n\n\n\n<p><strong>B. Electronically Processed Data<\/strong><br>Information from the whistleblowing channel is stored in a secure and confidential information system. Access to the system requires a personal username and password. The system uses strong encryption technology and the data is stored in a secure data center that meets current security requirements. Regular backup copies are made of the data file. Only designated whistleblowing channel handlers have access to information.<\/p>\n\n\n\n<h2 class=\"wp-block-heading\">10. Right of access<\/h2>\n\n\n\n<p>The data subject has the right to inspect what information about them is stored in the registry. A request for inspection can be made by email to hanna-mari.piikkila@kotico.fi.<\/p>\n\n\n\n<h2 class=\"wp-block-heading\">11. Right to demand correction of information<\/h2>\n\n\n\n<p>The data subject has the right to demand the correction of incorrect information related to them. A correction request must be made by email to hanna-mari.piikkila@kotico.fi.<\/p>\n\n\n\n<h2 class=\"wp-block-heading\">12. Other rights related to the processing of personal data<\/h2>\n\n\n\n<p>The data subject has the right to request the deletion of their personal data from the system. Deletion of personal data is carried out as soon as possible, if legally possible. A request for the deletion of personal data must be made by email to hanna-mari.piikkila@kotico.fi.<\/p>\n\n\n\n<p><em>Last updated: December 2023<\/em><\/p>\n","protected":false},"excerpt":{"rendered":"<p>1. Data Controller Name: Kotico Oy, 3017200-6Address: Alasein\u00e4joenkatu 1, FI-60220 Sein\u00e4joki, Finland 2. Contact person for matters relating to the data file Name: Hanna-Mari Piikkil\u00e4, Data Protection OfficerAddress: Alasein\u00e4joenkatu 1, FI-60220 Sein\u00e4joki, FinlandOther contact details: hanna-mari.piikkila@kotico.fi 3. Name of the data file WB Smart whistleblowing channel 4. Purpose of the processing of personal data The purpose of processing personal data is the handling of reports submitted through the Whistleblowing Channel. The information is processed in the investigation of reported cases and in the processing of possible sanctions. Personal data is retained for as long as necessary to fulfill the purposes&#8230; <\/p>\n","protected":false},"author":1,"featured_media":0,"parent":0,"menu_order":0,"comment_status":"closed","ping_status":"closed","template":"template-parts\/template-no-sidebar.php","meta":{"footnotes":""},"class_list":["post-5579","page","type-page","status-publish","hentry"],"_links":{"self":[{"href":"https:\/\/www.odum.fi\/wb-kotico\/wp-json\/wp\/v2\/pages\/5579","targetHints":{"allow":["GET"]}}],"collection":[{"href":"https:\/\/www.odum.fi\/wb-kotico\/wp-json\/wp\/v2\/pages"}],"about":[{"href":"https:\/\/www.odum.fi\/wb-kotico\/wp-json\/wp\/v2\/types\/page"}],"author":[{"embeddable":true,"href":"https:\/\/www.odum.fi\/wb-kotico\/wp-json\/wp\/v2\/users\/1"}],"replies":[{"embeddable":true,"href":"https:\/\/www.odum.fi\/wb-kotico\/wp-json\/wp\/v2\/comments?post=5579"}],"version-history":[{"count":9,"href":"https:\/\/www.odum.fi\/wb-kotico\/wp-json\/wp\/v2\/pages\/5579\/revisions"}],"predecessor-version":[{"id":5622,"href":"https:\/\/www.odum.fi\/wb-kotico\/wp-json\/wp\/v2\/pages\/5579\/revisions\/5622"}],"wp:attachment":[{"href":"https:\/\/www.odum.fi\/wb-kotico\/wp-json\/wp\/v2\/media?parent=5579"}],"curies":[{"name":"wp","href":"https:\/\/api.w.org\/{rel}","templated":true}]}}