{"id":5563,"date":"2023-07-06T07:20:53","date_gmt":"2023-07-06T07:20:53","guid":{"rendered":"https:\/\/www.odum.fi\/wb-kotico\/registerbeskrivning\/"},"modified":"2023-12-14T08:20:02","modified_gmt":"2023-12-14T08:20:02","slug":"registerbeskrivning","status":"publish","type":"page","link":"https:\/\/www.odum.fi\/wb-kotico\/registerbeskrivning\/?lang=sv","title":{"rendered":"Registerbeskrivning"},"content":{"rendered":"\n<h2 class=\"wp-block-heading\">1. Registeransvarig<\/h2>\n\n\n\n<p>Namn: Kotico Oy, 3017200-6<br>Adress: Alasein\u00e4joenkatu 1, 60220 Sein\u00e4joki<\/p>\n\n\n\n<h2 class=\"wp-block-heading\">2. Kontaktperson i fr\u00e5gor som r\u00f6r registret<\/h2>\n\n\n\n<p>Namn: Hanna-Mari Piikkil\u00e4, dataskyddsansvarig<br>Adress: Alasein\u00e4joenkatu 1, 60220 Sein\u00e4joki<br>\u00d6vriga kontaktuppgifter: hanna-mari.piikkila@kotico.fi<\/p>\n\n\n\n<h2 class=\"wp-block-heading\">3. Registrets namn<\/h2>\n\n\n\n<p>WB Smart anm\u00e4lningskanal<\/p>\n\n\n\n<h2 class=\"wp-block-heading\">4. Syftet med behandlingen av personuppgifter<\/h2>\n\n\n\n<p>Syftet med att behandla personuppgifter \u00e4r behandlingen av meddelanden som tas emot via anm\u00e4lningskanalen. Uppgifterna behandlas i utredningen av anm\u00e4lda \u00e4renden och vid behandlingen av eventuella p\u00e5f\u00f6ljder. Personuppgifter lagras s\u00e5 l\u00e4nge det \u00e4r n\u00f6dv\u00e4ndigt f\u00f6r att uppfylla de syften som definieras i dataskyddsf\u00f6rklaringen, om inte lagstiftningen f\u00f6rpliktar att lagra personuppgifter under en l\u00e4ngre period.<\/p>\n\n\n\n<h2 class=\"wp-block-heading\">5. Registrets datainneh\u00e5ll<\/h2>\n\n\n\n<p>De uppgifter som ska registreras \u00e4r namn, e-postadress, mobiltelefonnummer och arbetsgivare samt \u00f6vriga uppgifter som l\u00e4mnas av den som g\u00f6r anm\u00e4lan i saken.<\/p>\n\n\n\n<h2 class=\"wp-block-heading\">6. K\u00e4llor som i regel anv\u00e4nds f\u00f6r registret<\/h2>\n\n\n\n<p>Personuppgifter erh\u00e5lls genom aviseringskanalen, som anm\u00e4laren sj\u00e4lv l\u00e4mnar.<\/p>\n\n\n\n<h2 class=\"wp-block-heading\">7. \u00c4ndam\u00e5l f\u00f6r vilka uppgifter i regel l\u00e4mnas ut<\/h2>\n\n\n\n<p>Uppgifter l\u00e4mnas inte ut enligt reglerna, men personuppgifter kan l\u00e4mnas ut till exempel till myndigheterna p\u00e5 deras beg\u00e4ran, n\u00e4r s\u00e5 kr\u00e4vs enligt lag och f\u00f6r att ut\u00f6va parternas r\u00e4ttigheter till underr\u00e4ttelsen.<\/p>\n\n\n\n<h2 class=\"wp-block-heading\">8. \u00d6verf\u00f6ring av uppgifter utanf\u00f6r EU eller EES<\/h2>\n\n\n\n<p>Uppgifter \u00f6verf\u00f6rs inte utanf\u00f6r EU eller EES.<\/p>\n\n\n\n<h2 class=\"wp-block-heading\">9. Principer f\u00f6r skydd av registret<\/h2>\n\n\n\n<p><strong>A. Manuellt material<\/strong><br>Papper och manuellt material anv\u00e4nds inte.<\/p>\n\n\n\n<p><strong>B. Uppgifter som behandlas elektroniskt<\/strong><br>Information fr\u00e5n anm\u00e4lningskanalen lagras i ett s\u00e4kert och konfidentiellt informationssystem. Tillg\u00e5ng till systemet kr\u00e4ver ett personligt anv\u00e4ndarnamn och l\u00f6senord. Systemet anv\u00e4nder stark krypteringsteknik och data lagras i ett s\u00e4kert datacenter vars datas\u00e4kerhetsniv\u00e5 uppfyller g\u00e4llande krav. Registret s\u00e4kerhetskopieras regelbundet. Endast utsedda anm\u00e4lningskanal- hanterare har tillg\u00e5ng till information.<\/p>\n\n\n\n<h2 class=\"wp-block-heading\">10. R\u00e4tt till insyn<\/h2>\n\n\n\n<p>Den registrerade har r\u00e4tt att kontrollera vilka uppgifter som har sparats om honom eller henne i registret. Man kan beg\u00e4ra om r\u00e4tt att se sina uppgifter per e-post p\u00e5 hanna-mari.piikkila@kotico.fi.<\/p>\n\n\n\n<h2 class=\"wp-block-heading\">11. R\u00e4tt att yrka p\u00e5 r\u00e4ttelse av uppgift<\/h2>\n\n\n\n<p>Den registrerade har r\u00e4tt att yrka p\u00e5 att felaktig information om den registrerade ska r\u00e4ttas. R\u00e4ttelseyrkandet g\u00f6rs per e-post p\u00e5 hanna-mari.piikkila@kotico.fi.<\/p>\n\n\n\n<h2 class=\"wp-block-heading\">12. \u00d6vriga r\u00e4ttigheter med anknytning till behandlingen av personuppgifter<\/h2>\n\n\n\n<p>Den registrerade har r\u00e4tt att beg\u00e4ra att personuppgifterna om honom eller henne ska tas bort ur systemet. Radering av personuppgifter kommer att genomf\u00f6ras s\u00e5 snart som m\u00f6jligt, om det \u00e4r m\u00f6jligt inom lagens ram. Beg\u00e4ran om borttagning av personuppgifterna g\u00f6rs per e-post p\u00e5 hanna-mari.piikkila@kotico.fi.<\/p>\n\n\n\n<p><em>Senast uppdaterad: december 2023<\/em><\/p>\n","protected":false},"excerpt":{"rendered":"<p>1. Registeransvarig Namn: Kotico Oy, 3017200-6Adress: Alasein\u00e4joenkatu 1, 60220 Sein\u00e4joki 2. Kontaktperson i fr\u00e5gor som r\u00f6r registret Namn: Hanna-Mari Piikkil\u00e4, dataskyddsansvarigAdress: Alasein\u00e4joenkatu 1, 60220 Sein\u00e4joki\u00d6vriga kontaktuppgifter: hanna-mari.piikkila@kotico.fi 3. Registrets namn WB Smart anm\u00e4lningskanal 4. Syftet med behandlingen av personuppgifter Syftet med att behandla personuppgifter \u00e4r behandlingen av meddelanden som tas emot via anm\u00e4lningskanalen. Uppgifterna behandlas i utredningen av anm\u00e4lda \u00e4renden och vid behandlingen av eventuella p\u00e5f\u00f6ljder. Personuppgifter lagras s\u00e5 l\u00e4nge det \u00e4r n\u00f6dv\u00e4ndigt f\u00f6r att uppfylla de syften som definieras i dataskyddsf\u00f6rklaringen, om inte lagstiftningen f\u00f6rpliktar att lagra personuppgifter under en l\u00e4ngre period. 5. Registrets datainneh\u00e5ll De uppgifter som ska&#8230; <\/p>\n","protected":false},"author":1,"featured_media":0,"parent":0,"menu_order":0,"comment_status":"closed","ping_status":"closed","template":"template-parts\/template-no-sidebar.php","meta":{"footnotes":""},"class_list":["post-5563","page","type-page","status-publish","hentry"],"_links":{"self":[{"href":"https:\/\/www.odum.fi\/wb-kotico\/wp-json\/wp\/v2\/pages\/5563","targetHints":{"allow":["GET"]}}],"collection":[{"href":"https:\/\/www.odum.fi\/wb-kotico\/wp-json\/wp\/v2\/pages"}],"about":[{"href":"https:\/\/www.odum.fi\/wb-kotico\/wp-json\/wp\/v2\/types\/page"}],"author":[{"embeddable":true,"href":"https:\/\/www.odum.fi\/wb-kotico\/wp-json\/wp\/v2\/users\/1"}],"replies":[{"embeddable":true,"href":"https:\/\/www.odum.fi\/wb-kotico\/wp-json\/wp\/v2\/comments?post=5563"}],"version-history":[{"count":12,"href":"https:\/\/www.odum.fi\/wb-kotico\/wp-json\/wp\/v2\/pages\/5563\/revisions"}],"predecessor-version":[{"id":5620,"href":"https:\/\/www.odum.fi\/wb-kotico\/wp-json\/wp\/v2\/pages\/5563\/revisions\/5620"}],"wp:attachment":[{"href":"https:\/\/www.odum.fi\/wb-kotico\/wp-json\/wp\/v2\/media?parent=5563"}],"curies":[{"name":"wp","href":"https:\/\/api.w.org\/{rel}","templated":true}]}}