{"id":5499,"date":"2023-05-02T09:01:51","date_gmt":"2023-05-02T09:01:51","guid":{"rendered":"https:\/\/www.odum.fi\/wb-kotico\/information-till-vissel-blasaren\/"},"modified":"2023-12-11T10:25:51","modified_gmt":"2023-12-11T10:25:51","slug":"information-till-vissel-blasaren","status":"publish","type":"page","link":"https:\/\/www.odum.fi\/wb-kotico\/information-till-vissel-blasaren\/?lang=sv","title":{"rendered":"Information till visselbl\u00e5saren"},"content":{"rendered":"\n<h2 class=\"wp-block-heading\">Vem kan g\u00f6ra anm\u00e4lan?<\/h2>\n\n\n\n<p>Anm\u00e4lan kan g\u00f6ras av alla f\u00f6retagets anst\u00e4llda, inhyrda arbetstagare, yrkesut\u00f6vare, volont\u00e4rer, praktikanter och f\u00f6retagets aktie\u00e4gare som i sitt arbete, uppdrag eller funktion har f\u00e5tt information om brott mot lagen i f\u00f6retaget.<\/p>\n\n\n\n<h2 class=\"wp-block-heading\">Vad kan du anm\u00e4la?<\/h2>\n\n\n\n<p>Genom denna anm\u00e4lningskanal kan du g\u00f6ra <strong>anm\u00e4lningar ang\u00e5ende misstankar om brott, \u00f6vertr\u00e4delser eller missf\u00f6rh\u00e5llanden.<\/strong> Det kan handla om till exemppel mutor, korruption, penningtv\u00e4tt, skuggekonomi, \u00f6vertr\u00e4delser av konkurrenslagstiftning, \u00f6vertr\u00e4delser av dataskyddslagstiftning, verksamhet som strider mot produkt- eller livsmedelslagstiftning, och som ber\u00f6r r\u00e4ttsomr\u00e5den. Kanalen \u00e4r inte avsedd f\u00f6r att rapportera exempelvis ol\u00e4mpligt beteende eller \u00f6vertr\u00e4delser relaterade till liknande behandling.<\/p>\n\n\n\n<p><strong>F\u00f6r att f\u00e5 skydd som anm\u00e4lare kr\u00e4vs det<\/strong> att du har sk\u00e4lig grund att tro att uppgifterna om missf\u00f6rh\u00e5llanden eller \u00f6vertr\u00e4delser var sanna vid tidpunkten f\u00f6r anm\u00e4lan, och att anm\u00e4lan r\u00f6r n\u00e5got eller n\u00e5gra av nedan angivna r\u00e4ttsomr\u00e5den. Om din anm\u00e4lan g\u00e4ller n\u00e5got annat kommer den inte att tas upp f\u00f6r ytterligare behandling. Du kommer dock alltid att f\u00e5 k\u00e4nnedom om resultatet av den f\u00f6rsta behandlingen, \u00e4ven om den inte leder till ytterligare \u00e5tg\u00e4rder.<\/p>\n\n\n\n<p><strong>Behandlingen av anm\u00e4lan och skyddet g\u00e4ller de r\u00e4ttsomr\u00e5den som avses i Visselbl\u00e5snings-direktivet och som \u00e4r:<\/strong><\/p>\n\n\n\n<ul class=\"wp-block-list\">\n<li>offentlig upphandling, med undantag f\u00f6r s\u00e5dan som g\u00e4ller f\u00f6rsvar och s\u00e4kerhet<\/li>\n\n\n\n<li>finansiella tj\u00e4nster, f\u00f6rhindrande av penningtv\u00e4tt och finansiering av terrorism<\/li>\n\n\n\n<li>produkts\u00e4kerhet och produkt\u00f6verensst\u00e4mmelse<\/li>\n\n\n\n<li>transports\u00e4kerhet<\/li>\n\n\n\n<li>milj\u00f6skydd<\/li>\n\n\n\n<li>k\u00e4rns\u00e4kerhet<\/li>\n\n\n\n<li>livsmedels- och foders\u00e4kerhet samt djurs h\u00e4lsa och v\u00e4lbefinnande<\/li>\n\n\n\n<li>folkh\u00e4lsa enligt artikel 168 i f\u00f6rdraget om Europeiska unionens funktionss\u00e4tt<\/li>\n\n\n\n<li>konsumentskydd<\/li>\n\n\n\n<li>skydd av privatlivet och personuppgifter samt s\u00e4kerhet i n\u00e4tverks- och informationssystem<\/li>\n<\/ul>\n\n\n\n<h2 class=\"wp-block-heading\">Hanteringen och tolkningen av anm\u00e4lningarna<\/h2>\n\n\n\n<p>De personer som f\u00f6retaget v\u00e4ljer som ansvariga f\u00f6r att hantera anm\u00e4lningar \u00e4r skyldiga att h\u00e5lla tystnadsplikt och vara opartiska. N\u00f6dv\u00e4ndiga \u00e5tg\u00e4rder f\u00f6r att inleda hanteringen av anm\u00e4lningar vidtas omedelbart, och information ges till den som g\u00f6r anm\u00e4lan enligt lagens krav. N\u00f6dv\u00e4ndiga \u00e5tg\u00e4rder f\u00f6r att p\u00e5b\u00f6rja hanteringen av anm\u00e4lningar vidtas omedelbart, och den som g\u00f6r anm\u00e4lan informeras enligt lagens krav. Under s\u00e5dana omst\u00e4ndigheter ska de anst\u00e4llda betrakta all information de f\u00e5r under unders\u00f6kningen som konfidentiell. Vid behov kan utredningen inkludera externa personer, varvid sekretessen \u00e4ven g\u00e4ller dem <\/p>\n\n\n\n<p>Behandlarna kan avvisa anm\u00e4lan om den inte ber\u00f6r best\u00e4mmelserna enligt direktivet och nationell lag, inte beaktar riktlinjerna, eller om anm\u00e4lan redan har behandlats. Behandlaren kan \u00e4ven avvisa anm\u00e4lan om den inte gjorts i uppriktig avsikt, om den gjorts i avsikt att skada, om det inte finns tillr\u00e4cklig information tillg\u00e4nglig f\u00f6r att inleda en utredning, eller om sanningsenligheten i den angivna informationen inte kan klarl\u00e4ggas.<\/p>\n\n\n\n<h2 class=\"wp-block-heading\">Skydd f\u00f6r raportterande personer och f\u00f6rbud mot repressalier<\/h2>\n\n\n\n<p>Raportterande person som g\u00f6r en korrekt och laglig anm\u00e4lan f\u00e5r inte uts\u00e4ttas f\u00f6r repressalier p\u00e5 grund av att ha rapporterat eller avsl\u00f6jat information om \u00f6vertr\u00e4delsen. F\u00f6rbjudet \u00e4r \u00e4ven agerande som syftar till att f\u00f6rhindra rapportering eller offentligg\u00f6rande av information om \u00f6vertr\u00e4delsen.<\/p>\n\n\n\n<p>Otill\u00e5tna repressalier innefattar att f\u00f6rs\u00e4mra arbets- eller tj\u00e4nstevillkoren f\u00f6r en person som \u00e4r anst\u00e4lld eller innehar en tj\u00e4nst, att avsluta dennes anst\u00e4llning, att permittera personen, att behandla hen p\u00e5 ett ogynnsamt s\u00e4tt eller att vidta andra negativa \u00e5tg\u00e4rder mot hen p\u00e5 grund av att hen har rapporterat eller offentliggjort information om \u00f6vertr\u00e4delsen eller deltagit i utredningen av den \u00f6vertr\u00e4delse som hen har rapporterat.<\/p>\n\n\n\n<h2 class=\"wp-block-heading\">Ogrundade anm\u00e4lningar<\/h2>\n\n\n\n<p>Den som l\u00e4mnar en anm\u00e4lan (bl\u00e5ser vissel) ska agera i god tro. Om den som l\u00e4mnar en anm\u00e4lan missbrukar anm\u00e4lningsf\u00f6rfarandet genom att medvetet framf\u00f6ra osanna eller illvilliga p\u00e5st\u00e5enden, beg\u00e5r hen allvarligt missbruk, vilket kan leda till disciplin\u00e4ra \u00e5tg\u00e4rder inom arbetsr\u00e4tten och eventuellt ocks\u00e5 till civil- och straffr\u00e4ttsliga p\u00e5f\u00f6ljder.<\/p>\n\n\n\n<div style=\"height:20px\" aria-hidden=\"true\" class=\"wp-block-spacer\"><\/div>\n\n\n\n<h2 class=\"wp-block-heading\">Rapportering till justitiekanslers\u00e4mbetet<\/h2>\n\n\n\n<p>Du kan ocks\u00e5, <strong><a href=\"https:\/\/oikeuskansleri.fi\/ilmoittajansuojelu\">i exceptionella fall, g\u00f6ra en anm\u00e4lan<\/a><\/strong> direkt till Justitiekanslerns \u00e4mbetsverk om f\u00f6ljande villkor uppfylls:<\/p>\n\n\n\n<p>1) organisationen saknar en intern anm\u00e4lningskanal eller anm\u00e4laren har inte f\u00e5tt m\u00f6jlighet att rapportera genom den interna anm\u00e4lningskanalen;<br>2) anm\u00e4laren har sk\u00e4l att tro att \u00e5tg\u00e4rder enligt 16 \u00a7 inte har vidtagits inom den tidsfrist som anges i n\u00e4mnda paragrafs andra moment p\u00e5 basis av den interna anm\u00e4lan;<br>3) anm\u00e4laren har sk\u00e4l att tro att \u00f6vertr\u00e4delsen inte effektivt kan \u00e5tg\u00e4rdas genom den interna anm\u00e4lan; eller<br>4) anm\u00e4laren har sk\u00e4l att tro att hen l\u00f6per risk att bli f\u00f6rem\u00e5l f\u00f6r repressalier p\u00e5 grund av anm\u00e4lan.<\/p>\n","protected":false},"excerpt":{"rendered":"<p>Vem kan g\u00f6ra anm\u00e4lan? Anm\u00e4lan kan g\u00f6ras av alla f\u00f6retagets anst\u00e4llda, inhyrda arbetstagare, yrkesut\u00f6vare, volont\u00e4rer, praktikanter och f\u00f6retagets aktie\u00e4gare som i sitt arbete, uppdrag eller funktion har f\u00e5tt information om brott mot lagen i f\u00f6retaget. Vad kan du anm\u00e4la? Genom denna anm\u00e4lningskanal kan du g\u00f6ra anm\u00e4lningar ang\u00e5ende misstankar om brott, \u00f6vertr\u00e4delser eller missf\u00f6rh\u00e5llanden. Det kan handla om till exemppel mutor, korruption, penningtv\u00e4tt, skuggekonomi, \u00f6vertr\u00e4delser av konkurrenslagstiftning, \u00f6vertr\u00e4delser av dataskyddslagstiftning, verksamhet som strider mot produkt- eller livsmedelslagstiftning, och som ber\u00f6r r\u00e4ttsomr\u00e5den. Kanalen \u00e4r inte avsedd f\u00f6r att rapportera exempelvis ol\u00e4mpligt beteende eller \u00f6vertr\u00e4delser relaterade till liknande behandling. F\u00f6r att f\u00e5 skydd&#8230; <\/p>\n","protected":false},"author":1,"featured_media":0,"parent":0,"menu_order":0,"comment_status":"closed","ping_status":"closed","template":"template-parts\/template-no-sidebar.php","meta":{"footnotes":""},"class_list":["post-5499","page","type-page","status-publish","hentry"],"_links":{"self":[{"href":"https:\/\/www.odum.fi\/wb-kotico\/wp-json\/wp\/v2\/pages\/5499","targetHints":{"allow":["GET"]}}],"collection":[{"href":"https:\/\/www.odum.fi\/wb-kotico\/wp-json\/wp\/v2\/pages"}],"about":[{"href":"https:\/\/www.odum.fi\/wb-kotico\/wp-json\/wp\/v2\/types\/page"}],"author":[{"embeddable":true,"href":"https:\/\/www.odum.fi\/wb-kotico\/wp-json\/wp\/v2\/users\/1"}],"replies":[{"embeddable":true,"href":"https:\/\/www.odum.fi\/wb-kotico\/wp-json\/wp\/v2\/comments?post=5499"}],"version-history":[{"count":5,"href":"https:\/\/www.odum.fi\/wb-kotico\/wp-json\/wp\/v2\/pages\/5499\/revisions"}],"predecessor-version":[{"id":5533,"href":"https:\/\/www.odum.fi\/wb-kotico\/wp-json\/wp\/v2\/pages\/5499\/revisions\/5533"}],"wp:attachment":[{"href":"https:\/\/www.odum.fi\/wb-kotico\/wp-json\/wp\/v2\/media?parent=5499"}],"curies":[{"name":"wp","href":"https:\/\/api.w.org\/{rel}","templated":true}]}}