{"id":5492,"date":"2023-05-02T06:54:46","date_gmt":"2023-05-02T06:54:46","guid":{"rendered":"https:\/\/www.odum.fi\/wb-kotico\/hur-behandlas-visselblasnings-raportter\/"},"modified":"2023-12-11T13:51:44","modified_gmt":"2023-12-11T13:51:44","slug":"hur-behandlas-visselblasnings-raportter","status":"publish","type":"page","link":"https:\/\/www.odum.fi\/wb-kotico\/hur-behandlas-visselblasnings-raportter\/?lang=sv","title":{"rendered":"Hur behandlas visselbl\u00e5snings raportter?"},"content":{"rendered":"\n<p>Inom <strong><strong>sju dygn (7 dagar)<\/strong><\/strong> efter att en anm\u00e4lan mottagits f\u00e5r anm\u00e4laren besked, f\u00f6rutsatt att kontaktuppgifter har l\u00e4mnats. <strong>Oberoende och p\u00e5litliga rapport handl\u00e4ggare<\/strong>, utvalda av f\u00f6retaget, g\u00f6r en <strong>f\u00f6runders\u00f6kning<\/strong> f\u00f6r att bed\u00f6ma om anm\u00e4lan \u00f6verensst\u00e4mmer med Visselbl\u00e5sningsdirektivet och denna v\u00e4gledning, och om anm\u00e4lan godk\u00e4nns f\u00f6r vidare unders\u00f6kning.<\/p>\n\n\n\n<p>Handl\u00e4ggare kan avvisa en anm\u00e4lan om det tydligt framg\u00e5r att anm\u00e4lan inte g\u00e4ller en situation enligt denna v\u00e4gledning, om anm\u00e4lan inte gjorts i god tro, om den gjorts i syfte att skada, om tillr\u00e4cklig information inte finns tillg\u00e4nglig f\u00f6r att inleda en unders\u00f6kning, om sanningshalten i de l\u00e4mnade uppgifterna inte p\u00e5litligt kan fastst\u00e4llas, eller om \u00e4rendet som framst\u00e4lls redan har l\u00f6sts.<\/p>\n\n\n\n<p>Anm\u00e4laren (visselbl\u00e5saren) informeras <strong>inom tre m\u00e5nader (3 m\u00e5nader)<\/strong> fr\u00e5n mottagandet av mottagningsmeddelandet om vilka \u00e5tg\u00e4rder som vidtas med anledning av anm\u00e4lan. \u00c5tg\u00e4rder f\u00f6r att korrigera situationen, om de beh\u00f6vs, baseras alltid p\u00e5 resultaten av en grundlig unders\u00f6kning. Konfidentialitet och tystnadsplikt g\u00e4ller ocks\u00e5 de personer som \u00e4r involverade i unders\u00f6kningen. Organisationen kan utse experter f\u00f6r att utreda anm\u00e4lans korrekthet. All kommunikation \u00e4r konfidentiell och skyddas av lagstiftning.<\/p>\n\n\n\n<div style=\"height:61px\" aria-hidden=\"true\" class=\"wp-block-spacer\"><\/div>\n\n\n\n<figure class=\"wp-block-image size-large\"><img loading=\"lazy\" decoding=\"async\" width=\"1024\" height=\"939\" src=\"https:\/\/www.odum.fi\/wb-kotico\/wp-content\/uploads\/sites\/48\/2023\/12\/Nayttokuva-2023-12-11-kello-15.50.22-1024x939.png\" alt=\"\" class=\"wp-image-5575\" srcset=\"https:\/\/www.odum.fi\/wb-kotico\/wp-content\/uploads\/sites\/48\/2023\/12\/Nayttokuva-2023-12-11-kello-15.50.22-1024x939.png 1024w, https:\/\/www.odum.fi\/wb-kotico\/wp-content\/uploads\/sites\/48\/2023\/12\/Nayttokuva-2023-12-11-kello-15.50.22-300x275.png 300w, https:\/\/www.odum.fi\/wb-kotico\/wp-content\/uploads\/sites\/48\/2023\/12\/Nayttokuva-2023-12-11-kello-15.50.22-768x704.png 768w, https:\/\/www.odum.fi\/wb-kotico\/wp-content\/uploads\/sites\/48\/2023\/12\/Nayttokuva-2023-12-11-kello-15.50.22-1536x1409.png 1536w, https:\/\/www.odum.fi\/wb-kotico\/wp-content\/uploads\/sites\/48\/2023\/12\/Nayttokuva-2023-12-11-kello-15.50.22-1320x1211.png 1320w, https:\/\/www.odum.fi\/wb-kotico\/wp-content\/uploads\/sites\/48\/2023\/12\/Nayttokuva-2023-12-11-kello-15.50.22.png 1934w\" sizes=\"auto, (max-width: 1024px) 100vw, 1024px\" \/><\/figure>\n\n\n\n<div style=\"height:28px\" aria-hidden=\"true\" class=\"wp-block-spacer\"><\/div>\n\n\n\n<p><\/p>\n","protected":false},"excerpt":{"rendered":"<p>Inom sju dygn (7 dagar) efter att en anm\u00e4lan mottagits f\u00e5r anm\u00e4laren besked, f\u00f6rutsatt att kontaktuppgifter har l\u00e4mnats. Oberoende och p\u00e5litliga rapport handl\u00e4ggare, utvalda av f\u00f6retaget, g\u00f6r en f\u00f6runders\u00f6kning f\u00f6r att bed\u00f6ma om anm\u00e4lan \u00f6verensst\u00e4mmer med Visselbl\u00e5sningsdirektivet och denna v\u00e4gledning, och om anm\u00e4lan godk\u00e4nns f\u00f6r vidare unders\u00f6kning. Handl\u00e4ggare kan avvisa en anm\u00e4lan om det tydligt framg\u00e5r att anm\u00e4lan inte g\u00e4ller en situation enligt denna v\u00e4gledning, om anm\u00e4lan inte gjorts i god tro, om den gjorts i syfte att skada, om tillr\u00e4cklig information inte finns tillg\u00e4nglig f\u00f6r att inleda en unders\u00f6kning, om sanningshalten i de l\u00e4mnade uppgifterna inte p\u00e5litligt kan fastst\u00e4llas,&#8230; <\/p>\n","protected":false},"author":1,"featured_media":0,"parent":0,"menu_order":0,"comment_status":"closed","ping_status":"closed","template":"template-parts\/template-no-sidebar.php","meta":{"footnotes":""},"class_list":["post-5492","page","type-page","status-publish","hentry"],"_links":{"self":[{"href":"https:\/\/www.odum.fi\/wb-kotico\/wp-json\/wp\/v2\/pages\/5492","targetHints":{"allow":["GET"]}}],"collection":[{"href":"https:\/\/www.odum.fi\/wb-kotico\/wp-json\/wp\/v2\/pages"}],"about":[{"href":"https:\/\/www.odum.fi\/wb-kotico\/wp-json\/wp\/v2\/types\/page"}],"author":[{"embeddable":true,"href":"https:\/\/www.odum.fi\/wb-kotico\/wp-json\/wp\/v2\/users\/1"}],"replies":[{"embeddable":true,"href":"https:\/\/www.odum.fi\/wb-kotico\/wp-json\/wp\/v2\/comments?post=5492"}],"version-history":[{"count":8,"href":"https:\/\/www.odum.fi\/wb-kotico\/wp-json\/wp\/v2\/pages\/5492\/revisions"}],"predecessor-version":[{"id":5578,"href":"https:\/\/www.odum.fi\/wb-kotico\/wp-json\/wp\/v2\/pages\/5492\/revisions\/5578"}],"wp:attachment":[{"href":"https:\/\/www.odum.fi\/wb-kotico\/wp-json\/wp\/v2\/media?parent=5492"}],"curies":[{"name":"wp","href":"https:\/\/api.w.org\/{rel}","templated":true}]}}