{"id":5488,"date":"2023-05-02T06:40:24","date_gmt":"2023-05-02T06:40:24","guid":{"rendered":"https:\/\/www.odum.fi\/wb-kotico\/palitlig-whistleblowing-rapporteringskanal\/"},"modified":"2024-01-25T07:37:53","modified_gmt":"2024-01-25T07:37:53","slug":"palitlig-whistleblowing-rapporteringskanal","status":"publish","type":"page","link":"https:\/\/www.odum.fi\/wb-kotico\/palitlig-whistleblowing-rapporteringskanal\/?lang=sv","title":{"rendered":"P\u00e5litlig visselbl\u00e5sningskanal"},"content":{"rendered":"\n<div style=\"height:3px\" aria-hidden=\"true\" class=\"wp-block-spacer\"><\/div>\n\n\n\n<h2 class=\"wp-block-heading\">Parter:<\/h2>\n\n\n\n<p>Kotico koncern och Odum Oy<\/p>\n\n\n\n<h4 class=\"wp-block-heading\">M\u00e5lgrupp:<\/h4>\n\n\n\n<p>Kotico koncerns anst\u00e4llda, kunder och partners<\/p>\n\n\n\n<h4 class=\"wp-block-heading\">Hantering av rapporter:<\/h4>\n\n\n\n<p>Hanna-Mari Piikkil\u00e4, Kotico koncern<\/p>\n\n\n\n<h4 class=\"wp-block-heading\">Whistleblowing rapporteringskanalens administrat\u00f6r:<\/h4>\n\n\n\n<p>Odum Oy<\/p>\n\n\n\n<div style=\"height:11px\" aria-hidden=\"true\" class=\"wp-block-spacer\"><\/div>\n\n\n\n<h2 class=\"wp-block-heading\">Bakgrund och riktlinjer:<\/h2>\n\n\n\n<p>Denna rapporteringskanal och den tillh\u00f6rande v\u00e4gledningen \u00e4r godk\u00e4nd av f\u00f6retagets ledning. Kanalen ger f\u00f6retagets personal m\u00f6jlighet att konfidentiellt rapportera misstankar om missbruk, \u00f6vertr\u00e4delser eller verksamhet som bryter mot lagstiftningen i Europeiska unionens f\u00f6rordning eller nationella lagar om skydd f\u00f6r personer som l\u00e4mnar upplysningar (EU-direktiv 2019\/1937), \u00e4ven k\u00e4nt som &#8220;Visselbl\u00e5sardirektivet&#8221;.<\/p>\n\n\n\n<p>Direktivet skyddar personer som rapporterar om olagliga handlingar, bedr\u00e4gerier, korruption eller andra missf\u00f6rh\u00e5llanden som r\u00f6r till\u00e4mpningen av EU-lagstiftningen. Den nationella lagen om skydd f\u00f6r personer som l\u00e4mnar upplysningar <a href=\"https:\/\/www.finlex.fi\/fi\/laki\/alkup\/2022\/20221171\"><strong>(1171\/2022)<\/strong><\/a> f\u00f6rst\u00e4rker genomf\u00f6randet av direktivet i Finland.<\/p>\n\n\n\n<p>Rappoteringskanalen \u00e4r ett viktigt verktyg f\u00f6r att minska risker och uppr\u00e4tth\u00e5lla f\u00f6rtroendet eftersom den hj\u00e4lper f\u00f6retag att uppt\u00e4cka eventuella missf\u00f6rh\u00e5llanden och agerar i ett tidigt skede.<\/p>\n\n\n\n<h2 class=\"wp-block-heading\">Konfidentialitet:<\/h2>\n\n\n\n<p>Alla rapporter som g\u00f6rs via WB Smart-anm\u00e4lningskanalen behandlas konfidentiellt, och tekniken f\u00f6r kanalen \u00e4r baserad p\u00e5 en s\u00e4ker och krypterad tj\u00e4nst. Alla rapporter tas p\u00e5 allvar, och din arbetsgivare \u00e4r engagerad i att s\u00e4kerst\u00e4lla att alla rapporter om p\u00e5st\u00e5dda \u00f6vertr\u00e4delser och missbruk hanteras konfidentiellt, snabbt och i enlighet med lagstiftningen.<\/p>\n\n\n\n<h2 class=\"wp-block-heading\">Hantering av rapporter:<\/h2>\n\n\n\n<p>F\u00f6retaget m\u00e5ste utse en person eller personer som \u00e4r ansvariga f\u00f6r att hantera rapporten och som ska kunna utf\u00f6ra sina uppgifter opartiskt och oberoende. De hanterare av rapporter som f\u00f6retaget v\u00e4ljer \u00e4r skyldiga att vara konfidentiella och opartiska. N\u00f6dv\u00e4ndiga \u00e5tg\u00e4rder vidtas omedelbart efter mottagandet av en rapport och rapport\u00f6rens r\u00e4ttigheter enligt lag f\u00f6ljs upp. Om det beh\u00f6vs kan anst\u00e4llda intervjuas under en eventuell unders\u00f6kning f\u00f6r att s\u00e4kerst\u00e4lla rapportens \u00e4kthet. Anst\u00e4llda m\u00e5ste i s\u00e5 fall behandla all information de f\u00e5r under unders\u00f6kningen som konfidentiell. Vid behov kan externa personer involveras i unders\u00f6kningen, och konfidentialiteten g\u00e4ller \u00e4ven dem. <\/p>\n\n\n\n<p>Hanterare kan avvisa en rapport om det \u00e4r uppenbart att rapporten inte g\u00e4ller de best\u00e4mmelser som anges i direktivet och den nationella lagen, inte \u00f6verensst\u00e4mmer med v\u00e4gledningen eller om rapporten redan har behandlats. Hanteraren kan \u00e4ven avvisa en rapport om det \u00e4r klart att rapporten inte gjordes i god tro eller gjordes i syfte att skada, om det inte finns tillr\u00e4ckligt med information f\u00f6r att starta en unders\u00f6kning eller om sanningshalten av den angivna informationen inte kan fastst\u00e4llas.<\/p>\n","protected":false},"excerpt":{"rendered":"<p>Parter: Kotico koncern och Odum Oy M\u00e5lgrupp: Kotico koncerns anst\u00e4llda, kunder och partners Hantering av rapporter: Hanna-Mari Piikkil\u00e4, Kotico koncern Whistleblowing rapporteringskanalens administrat\u00f6r: Odum Oy Bakgrund och riktlinjer: Denna rapporteringskanal och den tillh\u00f6rande v\u00e4gledningen \u00e4r godk\u00e4nd av f\u00f6retagets ledning. Kanalen ger f\u00f6retagets personal m\u00f6jlighet att konfidentiellt rapportera misstankar om missbruk, \u00f6vertr\u00e4delser eller verksamhet som bryter mot lagstiftningen i Europeiska unionens f\u00f6rordning eller nationella lagar om skydd f\u00f6r personer som l\u00e4mnar upplysningar (EU-direktiv 2019\/1937), \u00e4ven k\u00e4nt som &#8220;Visselbl\u00e5sardirektivet&#8221;. Direktivet skyddar personer som rapporterar om olagliga handlingar, bedr\u00e4gerier, korruption eller andra missf\u00f6rh\u00e5llanden som r\u00f6r till\u00e4mpningen av EU-lagstiftningen. Den nationella lagen om skydd&#8230; <\/p>\n","protected":false},"author":1,"featured_media":0,"parent":0,"menu_order":0,"comment_status":"closed","ping_status":"closed","template":"template-parts\/template-no-sidebar.php","meta":{"footnotes":""},"class_list":["post-5488","page","type-page","status-publish","hentry"],"_links":{"self":[{"href":"https:\/\/www.odum.fi\/wb-kotico\/wp-json\/wp\/v2\/pages\/5488","targetHints":{"allow":["GET"]}}],"collection":[{"href":"https:\/\/www.odum.fi\/wb-kotico\/wp-json\/wp\/v2\/pages"}],"about":[{"href":"https:\/\/www.odum.fi\/wb-kotico\/wp-json\/wp\/v2\/types\/page"}],"author":[{"embeddable":true,"href":"https:\/\/www.odum.fi\/wb-kotico\/wp-json\/wp\/v2\/users\/1"}],"replies":[{"embeddable":true,"href":"https:\/\/www.odum.fi\/wb-kotico\/wp-json\/wp\/v2\/comments?post=5488"}],"version-history":[{"count":13,"href":"https:\/\/www.odum.fi\/wb-kotico\/wp-json\/wp\/v2\/pages\/5488\/revisions"}],"predecessor-version":[{"id":5640,"href":"https:\/\/www.odum.fi\/wb-kotico\/wp-json\/wp\/v2\/pages\/5488\/revisions\/5640"}],"wp:attachment":[{"href":"https:\/\/www.odum.fi\/wb-kotico\/wp-json\/wp\/v2\/media?parent=5488"}],"curies":[{"name":"wp","href":"https:\/\/api.w.org\/{rel}","templated":true}]}}