{"id":5114,"date":"2023-07-06T07:20:53","date_gmt":"2023-07-06T07:20:53","guid":{"rendered":"https:\/\/www.odum.fi\/wb-kotico\/?page_id=5114"},"modified":"2023-12-14T08:15:04","modified_gmt":"2023-12-14T08:15:04","slug":"tietosuojaseloste","status":"publish","type":"page","link":"https:\/\/www.odum.fi\/wb-kotico\/tietosuojaseloste\/","title":{"rendered":"Tietosuojaseloste"},"content":{"rendered":"\n<h2 class=\"wp-block-heading\">1. Rekisterinpit\u00e4j\u00e4<\/h2>\n\n\n\n<p>Nimi: Kotico Oy, 3017200-6<br>Osoite: Alasein\u00e4joenkatu 1, 60220 Sein\u00e4joki<\/p>\n\n\n\n<h2 class=\"wp-block-heading\">2. Yhteyshenkil\u00f6 rekisteri\u00e4 koskevissa asioissa<\/h2>\n\n\n\n<p>Nimi: Hanna-Mari Piikkil\u00e4, tietosuojavastaava<br>Osoite: Alasein\u00e4joenkatu 1, 60220 Sein\u00e4joki<br>Muut yhteystiedot: hanna-mari.piikkila@kotico.fi<\/p>\n\n\n\n<h2 class=\"wp-block-heading\">3. Rekisterin nimi<\/h2>\n\n\n\n<p>WB Fiksu -ilmoituskanava<\/p>\n\n\n\n<h2 class=\"wp-block-heading\">4. Henkil\u00f6tietojen k\u00e4sittelyn tarkoitus<\/h2>\n\n\n\n<p>Henkil\u00f6tietojen k\u00e4sittelyn tarkoitus on Ilmoituskanavan kautta tulleiden ilmoitusten k\u00e4sittely. Tietoja k\u00e4sitell\u00e4\u00e4n ilmoituksissa tulleiden tapausten tutkinnassa ja mahdollisten seuraamusten k\u00e4sittelyss\u00e4. Henkil\u00f6tietoja s\u00e4ilytet\u00e4\u00e4n niin kauan kuin on tarpeen tietosuojaselosteessa m\u00e4\u00e4riteltyjen tarkoituksien toteuttamiseksi, ellei lains\u00e4\u00e4d\u00e4nt\u00f6 velvoita s\u00e4ilytt\u00e4m\u00e4\u00e4n henkil\u00f6tietoja pidemp\u00e4\u00e4n.<\/p>\n\n\n\n<h2 class=\"wp-block-heading\">5. Rekisterin tietosis\u00e4lt\u00f6<\/h2>\n\n\n\n<p>Tallennettavat tiedot ovat nimi, s\u00e4hk\u00f6postiosoite, matkapuhelinnumero ja ty\u00f6nantaja, sek\u00e4 muut ilmoituksen tekij\u00e4n ilmoituksessa antamat tiedot.<\/p>\n\n\n\n<h2 class=\"wp-block-heading\">6. S\u00e4\u00e4nn\u00f6nmukaiset tietol\u00e4hteet<\/h2>\n\n\n\n<p>Henkil\u00f6tiedot saadaan ilmoituskanavan kautta ilmoittajan itsens\u00e4 toimittamina.<\/p>\n\n\n\n<h2 class=\"wp-block-heading\">7. Tietojen s\u00e4\u00e4nn\u00f6nmukaiset luovutukset<\/h2>\n\n\n\n<p>Tietoja ei luovuteta s\u00e4\u00e4nn\u00f6nmukaisesti, mutta henkil\u00f6tietoja voidaan luovuttaa esimerkiksi viranomaisille n\u00e4iden pyynn\u00f6st\u00e4, lain velvoittaessa ja ilmoituksen osapuolten oikeuksien toteuttamiseksi.<\/p>\n\n\n\n<h2 class=\"wp-block-heading\">8. Tietojen siirto EU:n tai ETA:n ulkopuolelle<\/h2>\n\n\n\n<p>Tietoja ei siirret\u00e4 EU:n tai ETA:n ulkopuolelle.<\/p>\n\n\n\n<h2 class=\"wp-block-heading\">9. Rekisterin suojauksen periaatteet<\/h2>\n\n\n\n<p><strong>A. Manuaalinen aineisto<\/strong><br>Paperisia ja manuaalisia aineistoja ei k\u00e4ytet\u00e4.<\/p>\n\n\n\n<p><strong>B. S\u00e4hk\u00f6isesti k\u00e4sitelt\u00e4v\u00e4t tiedot<\/strong><br>Ilmoituskanavan tiedot tallennetaan suojattuun ja luottamukselliseen tietoj\u00e4rjestelm\u00e4\u00e4n. J\u00e4rjestelm\u00e4\u00e4n p\u00e4\u00e4sy edellytt\u00e4\u00e4 henkil\u00f6kohtaista k\u00e4ytt\u00e4j\u00e4tunnusta ja salasanaa. J\u00e4rjestelm\u00e4 k\u00e4ytt\u00e4\u00e4 vahvaa salaustekniikkaa ja tiedot s\u00e4ilytet\u00e4\u00e4n turvallisessa konesalissa, jonka tietoturvataso vastaa voimassa olevia vaatimuksia. Rekisterist\u00e4 suoritetaan s\u00e4\u00e4nn\u00f6llinen varmuuskopiointi. Ainoastaan nimetyill\u00e4 ilmoituskanavan k\u00e4sittelij\u00f6ill\u00e4 on p\u00e4\u00e4sy tietoihin.<\/p>\n\n\n\n<h2 class=\"wp-block-heading\">10. Tarkastusoikeus<\/h2>\n\n\n\n<p>Rekister\u00f6idyll\u00e4 on oikeus tarkastaa mit\u00e4 tietoja h\u00e4nest\u00e4 on tallennettu rekisteriin. Tarkastuspyynn\u00f6n voi tehd\u00e4 s\u00e4hk\u00f6postitse osoitteeseen hanna-mari.piikkila@kotico.fi.<\/p>\n\n\n\n<h2 class=\"wp-block-heading\">11. Oikeus vaatia tiedon korjaamista<\/h2>\n\n\n\n<p>Rekister\u00f6idyll\u00e4 on oikeus vaatia itseens\u00e4 liittyv\u00e4n virheellisen tiedon korjaamista. Korjauspyynt\u00f6 tulee tehd\u00e4 s\u00e4hk\u00f6postitse osoitteeseen hanna-mari.piikkila@kotico.fi.<\/p>\n\n\n\n<h2 class=\"wp-block-heading\">12. Muut henkil\u00f6tietojen k\u00e4sittelyyn liittyv\u00e4t oikeudet<\/h2>\n\n\n\n<p>Rekister\u00f6idyll\u00e4 on oikeus pyyt\u00e4\u00e4 henkil\u00f6tietojensa poistamista j\u00e4rjestelm\u00e4st\u00e4. Henkil\u00f6tietojen poistaminen toteutetaan mahdollisimman pian, mik\u00e4li se on lain puitteissa mahdollista. Pyynt\u00f6 henkil\u00f6tietojen poistamisesta tulee tehd\u00e4 s\u00e4hk\u00f6postitse osoitteeseen hanna-mari.piikkila@kotico.fi.<\/p>\n\n\n\n<p><em>P\u00e4ivitetty viimeksi: Joulukuu 2023<\/em><\/p>\n","protected":false},"excerpt":{"rendered":"<p>1. Rekisterinpit\u00e4j\u00e4 Nimi: Kotico Oy, 3017200-6Osoite: Alasein\u00e4joenkatu 1, 60220 Sein\u00e4joki 2. Yhteyshenkil\u00f6 rekisteri\u00e4 koskevissa asioissa Nimi: Hanna-Mari Piikkil\u00e4, tietosuojavastaavaOsoite: Alasein\u00e4joenkatu 1, 60220 Sein\u00e4jokiMuut yhteystiedot: hanna-mari.piikkila@kotico.fi 3. Rekisterin nimi WB Fiksu -ilmoituskanava 4. Henkil\u00f6tietojen k\u00e4sittelyn tarkoitus Henkil\u00f6tietojen k\u00e4sittelyn tarkoitus on Ilmoituskanavan kautta tulleiden ilmoitusten k\u00e4sittely. Tietoja k\u00e4sitell\u00e4\u00e4n ilmoituksissa tulleiden tapausten tutkinnassa ja mahdollisten seuraamusten k\u00e4sittelyss\u00e4. Henkil\u00f6tietoja s\u00e4ilytet\u00e4\u00e4n niin kauan kuin on tarpeen tietosuojaselosteessa m\u00e4\u00e4riteltyjen tarkoituksien toteuttamiseksi, ellei lains\u00e4\u00e4d\u00e4nt\u00f6 velvoita s\u00e4ilytt\u00e4m\u00e4\u00e4n henkil\u00f6tietoja pidemp\u00e4\u00e4n. 5. Rekisterin tietosis\u00e4lt\u00f6 Tallennettavat tiedot ovat nimi, s\u00e4hk\u00f6postiosoite, matkapuhelinnumero ja ty\u00f6nantaja, sek\u00e4 muut ilmoituksen tekij\u00e4n ilmoituksessa antamat tiedot. 6. S\u00e4\u00e4nn\u00f6nmukaiset tietol\u00e4hteet Henkil\u00f6tiedot saadaan ilmoituskanavan kautta ilmoittajan itsens\u00e4 toimittamina. 7&#8230;. <\/p>\n","protected":false},"author":1,"featured_media":0,"parent":0,"menu_order":0,"comment_status":"closed","ping_status":"closed","template":"template-parts\/template-no-sidebar.php","meta":{"footnotes":""},"class_list":["post-5114","page","type-page","status-publish","hentry"],"_links":{"self":[{"href":"https:\/\/www.odum.fi\/wb-kotico\/wp-json\/wp\/v2\/pages\/5114","targetHints":{"allow":["GET"]}}],"collection":[{"href":"https:\/\/www.odum.fi\/wb-kotico\/wp-json\/wp\/v2\/pages"}],"about":[{"href":"https:\/\/www.odum.fi\/wb-kotico\/wp-json\/wp\/v2\/types\/page"}],"author":[{"embeddable":true,"href":"https:\/\/www.odum.fi\/wb-kotico\/wp-json\/wp\/v2\/users\/1"}],"replies":[{"embeddable":true,"href":"https:\/\/www.odum.fi\/wb-kotico\/wp-json\/wp\/v2\/comments?post=5114"}],"version-history":[{"count":6,"href":"https:\/\/www.odum.fi\/wb-kotico\/wp-json\/wp\/v2\/pages\/5114\/revisions"}],"predecessor-version":[{"id":5617,"href":"https:\/\/www.odum.fi\/wb-kotico\/wp-json\/wp\/v2\/pages\/5114\/revisions\/5617"}],"wp:attachment":[{"href":"https:\/\/www.odum.fi\/wb-kotico\/wp-json\/wp\/v2\/media?parent=5114"}],"curies":[{"name":"wp","href":"https:\/\/api.w.org\/{rel}","templated":true}]}}