{"id":4735,"date":"2023-05-02T09:23:16","date_gmt":"2023-05-02T09:23:16","guid":{"rendered":"https:\/\/www.odum.fi\/wb-kotico\/?page_id=4735"},"modified":"2023-12-18T14:55:59","modified_gmt":"2023-12-18T14:55:59","slug":"tee-ilmoitus","status":"publish","type":"page","link":"https:\/\/www.odum.fi\/wb-kotico\/tee-ilmoitus\/","title":{"rendered":"Tee ilmoitus"},"content":{"rendered":"\n<p>T\u00e4m\u00e4n ilmoituskanavan kautta voit ilmoittaa tutkinnan kohteeksi <strong>Kotico konsernissa <\/strong>tapahtuneesta rikos-, rikkomus- tai v\u00e4\u00e4rink\u00e4yt\u00f6sep\u00e4ilyst\u00e4. <strong> Ennen ilmoituksen tekemist\u00e4 <\/strong>tutustu WB Fiksun sivustoon, erityisesti<strong> Ilmoittajalle<\/strong> kohdan informaatioon. <strong>L\u00f6yd\u00e4t sielt\u00e4 tietoa mm. ketk\u00e4 voivat ilmoittaa, mit\u00e4 voit ilmoittaa, ilmoittajan saamasta suojasta jne.<\/strong><\/p>\n\n\n\n<p>Voit tehd\u00e4 ilmoituksen k\u00e4ytt\u00e4en nimi- ja yhteystietojasi tai ilman niit\u00e4, molemmissa tapauksissa anonymiteettisi suojataan. <strong>Suosittelemme, ett\u00e4 liit\u00e4t ilmoitukseen nimesi ja yhteystietosi<\/strong>, jolloin yrityksen luotettavat k\u00e4sittelij\u00e4t voivat olla sinuun yhteydess\u00e4 esitt\u00e4\u00e4kseen tarkentavia kysymyksi\u00e4 ja turvatakseen ilmoitusten tutkinnan parhaalla mahdollisella tavalla. <\/p>\n\n\n\n<p>Saat vahvistuksen ilmoituksen vastaanottamisesta <strong>seitsem\u00e4n p\u00e4iv\u00e4n (7 pv) kuluessa<\/strong> ilmoituksen k\u00e4sittelij\u00e4lt\u00e4. <strong>Vain ty\u00f6nantajan nime\u00e4m\u00e4t ilmoitusten k\u00e4sittelij\u00e4t<\/strong> p\u00e4\u00e4sev\u00e4t k\u00e4sittelem\u00e4\u00e4n tietoja ja <strong>heill\u00e4 on salassapitovelvollisuus.<\/strong><\/p>\n\n\n\n<p>Suojaamme henkil\u00f6tietoja huolellisesti koko niiden elinkaaren ajan. Kaikki tietoliikenne on salattua, joten ilmoituksen ja sen liitteiden j\u00e4tt\u00e4minen on turvallista. <\/p>\n\n\n\n<p><a rel=\"noreferrer noopener\" href=\"https:\/\/www.odum.fi\/wb-kotico\/tietosuojaseloste\/\" data-type=\"page\" data-id=\"790\" target=\"_blank\">Tutustu tietosuojaselosteeseen ennen ilmoituksen j\u00e4tt\u00e4mist\u00e4<\/a><\/p>\n\n\n\n<h2 class=\"wp-block-heading\">TEE ILMOITUS <\/h2>\n\n\n\n<p>Kirjoita huolenaiheestasi mahdollisimman yksityiskohtaisesti, jotta voimme ryhty\u00e4 tarvittaviin toimenpiteisiin. Voit esimerkiksi mainita ilmoitukseen liittyv\u00e4t henkil\u00f6t, ajankohdat ja tapahtumapaikat. Voit my\u00f6s liitt\u00e4\u00e4 ilmoitukseesi s\u00e4hk\u00f6isi\u00e4 aineistoja. <\/p>\n\n\n<div class=\"frm_forms  with_frm_style frm_style_formidable-style\" id=\"frm_form_2_container\" data-token=\"bdc778d5882b36afeca81a6980b473c3\">\n<form enctype=\"multipart\/form-data\" method=\"post\" class=\"frm-show-form  frm_js_validate  frm_pro_form \" id=\"form_wbfiksutesti\" data-token=\"bdc778d5882b36afeca81a6980b473c3\">\n<div class=\"frm_form_fields \">\n<fieldset>\n<legend class=\"frm_screen_reader\">WB Fiksu testi<\/legend>\r\n\r\n<div class=\"frm_fields_container\">\n<input type=\"hidden\" name=\"frm_action\" value=\"create\" \/>\n<input type=\"hidden\" name=\"form_id\" value=\"2\" \/>\n<input type=\"hidden\" name=\"frm_hide_fields_2\" id=\"frm_hide_fields_2\" value=\"\" \/>\n<input type=\"hidden\" name=\"form_key\" value=\"wbfiksutesti\" \/>\n<input type=\"hidden\" name=\"item_meta[0]\" value=\"\" \/>\n<input type=\"hidden\" id=\"frm_submit_entry_2\" name=\"frm_submit_entry_2\" value=\"a3cb06ee0e\" \/><input type=\"hidden\" name=\"_wp_http_referer\" value=\"\/wb-kotico\/wp-json\/wp\/v2\/pages\/4735\" \/><div id=\"frm_field_12_container\" class=\"frm_form_field form-field  frm_top_container frm12 frm_first\">\r\n    <div  id=\"field_uclfl_label\" class=\"frm_primary_label\">Nimi\r\n        <span class=\"frm_required\" aria-hidden=\"true\"><\/span>\r\n    <\/div>\r\n    <fieldset aria-labelledby=\"field_uclfl_label\">\n\t<legend class=\"frm_screen_reader frm_hidden\">\n\t\tNimi\t<\/legend>\n\n\t<div  class=\"frm_combo_inputs_container\" id=\"frm_combo_inputs_container_12\" data-name-layout=\"first_last\">\n\t\t\t\t\t<div\n\t\t\t\tid=\"frm_field_12-first_container\"\n\t\t\t\tclass=\"frm_form_field form-field frm_form_subfield-first  frm6\"\n\t\t\t\tdata-sub-field-name=\"first\"\n\t\t\t>\n\t\t\t\t<label for=\"field_uclfl_first\" class=\"frm_screen_reader frm_hidden\">\n\t\t\t\t\tEtunimi\t\t\t\t<\/label>\n\n\t\t\t\t<input  type=\"text\" id=\"field_uclfl_first\" value=\"\" name=\"item_meta[12][first]\" autocomplete=\"given-name\" data-invmsg=\"Nimi is invalid\" aria-invalid=\"false\"  \/><div class=\"frm_description\" id=\"frm_field_12_first_desc\">Etunimi<\/div>\t\t\t<\/div>\n\t\t\t\t\t\t<div\n\t\t\t\tid=\"frm_field_12-last_container\"\n\t\t\t\tclass=\"frm_form_field form-field frm_form_subfield-last  frm6\"\n\t\t\t\tdata-sub-field-name=\"last\"\n\t\t\t>\n\t\t\t\t<label for=\"field_uclfl_last\" class=\"frm_screen_reader frm_hidden\">\n\t\t\t\t\tSukunimi\t\t\t\t<\/label>\n\n\t\t\t\t<input  type=\"text\" id=\"field_uclfl_last\" value=\"\" name=\"item_meta[12][last]\" autocomplete=\"family-name\" data-invmsg=\"Nimi is invalid\" aria-invalid=\"false\"  \/><div class=\"frm_description\" id=\"frm_field_12_last_desc\">Sukunimi<\/div>\t\t\t<\/div>\n\t\t\t\t<\/div>\n<\/fieldset>\n\r\n    \r\n    \r\n<\/div>\n<div id=\"frm_field_14_container\" class=\"frm_form_field form-field  frm_top_container frm6 frm_first\">\r\n    <label for=\"field_32qc4\" id=\"field_32qc4_label\" class=\"frm_primary_label\">S\u00e4hk\u00f6postiosoite\r\n        <span class=\"frm_required\" aria-hidden=\"true\"><\/span>\r\n    <\/label>\r\n    <input type=\"email\" id=\"field_32qc4\" name=\"item_meta[14]\" value=\"\"  data-invmsg=\"Email is invalid\" aria-invalid=\"false\"  \/>\r\n    \r\n    \r\n<\/div>\n<div id=\"frm_field_13_container\" class=\"frm_form_field form-field  frm_top_container frm6\">\r\n    <label for=\"field_gm4we\" id=\"field_gm4we_label\" class=\"frm_primary_label\">Puhelinnumero (+358401234567)\r\n        <span class=\"frm_required\" aria-hidden=\"true\"><\/span>\r\n    <\/label>\r\n    <input type=\"tel\" id=\"field_gm4we\" name=\"item_meta[13]\" value=\"\"  data-invmsg=\"Phone is invalid\" aria-invalid=\"false\" pattern=\"((\\+\\d{1,3}(-|.| )?\\(?\\d\\)?(-| |.)?\\d{1,5})|(\\(?\\d{2,6}\\)?))(-|.| )?(\\d{3,4})(-|.| )?(\\d{4})(( x| ext)\\d{1,5}){0,1}$\"  \/>\r\n    \r\n    \r\n<\/div>\n<div id=\"frm_field_9_container\" class=\"frm_form_field form-field  frm_required_field frm_top_container frm12 frm_first vertical_radio\">\r\n    <div  id=\"field_eln68_label\" class=\"frm_primary_label\">Valitse ilmoituksen kategoria\r\n        <span class=\"frm_required\" aria-hidden=\"true\">*<\/span>\r\n    <\/div>\r\n    <div class=\"frm_opt_container\" aria-labelledby=\"field_eln68_label\" role=\"radiogroup\" aria-required=\"true\">\t\t<div class=\"frm_radio\" id=\"frm_radio_9-0\">\t\t\t<label  for=\"field_eln68-0\">\n\t\t\t\t\t<input type=\"radio\" name=\"item_meta[9]\" id=\"field_eln68-0\" value=\"julkiset hankinnat, lukuunottamatta puolustus- ja turvallisuushankintoja\"\n\t\t data-reqmsg=\"Valitse ilmoituksen kategoria cannot be blank.\" data-invmsg=\"Valitse ilmoituksen kategoria is invalid\"   \/> julkiset hankinnat, lukuunottamatta puolustus- ja turvallisuushankintoja<\/label><\/div>\n\t\t<div class=\"frm_radio\" id=\"frm_radio_9-1\">\t\t\t<label  for=\"field_eln68-1\">\n\t\t\t\t\t<input type=\"radio\" name=\"item_meta[9]\" id=\"field_eln68-1\" value=\"rahoituspalvelut, rahanpesu ja terrorismin rahoituksen ehk\u00e4isy\"\n\t\t data-reqmsg=\"Valitse ilmoituksen kategoria cannot be blank.\" data-invmsg=\"Valitse ilmoituksen kategoria is invalid\"   \/> rahoituspalvelut, rahanpesu ja terrorismin rahoituksen ehk\u00e4isy<\/label><\/div>\n\t\t<div class=\"frm_radio\" id=\"frm_radio_9-2\">\t\t\t<label  for=\"field_eln68-2\">\n\t\t\t\t\t<input type=\"radio\" name=\"item_meta[9]\" id=\"field_eln68-2\" value=\"tuoteturvallisuus\"\n\t\t data-reqmsg=\"Valitse ilmoituksen kategoria cannot be blank.\" data-invmsg=\"Valitse ilmoituksen kategoria is invalid\"   \/> tuoteturvallisuus<\/label><\/div>\n\t\t<div class=\"frm_radio\" id=\"frm_radio_9-3\">\t\t\t<label  for=\"field_eln68-3\">\n\t\t\t\t\t<input type=\"radio\" name=\"item_meta[9]\" id=\"field_eln68-3\" value=\"liikenneturvallisuus\"\n\t\t data-reqmsg=\"Valitse ilmoituksen kategoria cannot be blank.\" data-invmsg=\"Valitse ilmoituksen kategoria is invalid\"   \/> liikenneturvallisuus<\/label><\/div>\n\t\t<div class=\"frm_radio\" id=\"frm_radio_9-4\">\t\t\t<label  for=\"field_eln68-4\">\n\t\t\t\t\t<input type=\"radio\" name=\"item_meta[9]\" id=\"field_eln68-4\" value=\"ymp\u00e4rist\u00f6nsuojelu\"\n\t\t data-reqmsg=\"Valitse ilmoituksen kategoria cannot be blank.\" data-invmsg=\"Valitse ilmoituksen kategoria is invalid\"   \/> ymp\u00e4rist\u00f6nsuojelu<\/label><\/div>\n\t\t<div class=\"frm_radio\" id=\"frm_radio_9-5\">\t\t\t<label  for=\"field_eln68-5\">\n\t\t\t\t\t<input type=\"radio\" name=\"item_meta[9]\" id=\"field_eln68-5\" value=\"ydinturvallisuus\"\n\t\t data-reqmsg=\"Valitse ilmoituksen kategoria cannot be blank.\" data-invmsg=\"Valitse ilmoituksen kategoria is invalid\"   \/> ydinturvallisuus<\/label><\/div>\n\t\t<div class=\"frm_radio\" id=\"frm_radio_9-6\">\t\t\t<label  for=\"field_eln68-6\">\n\t\t\t\t\t<input type=\"radio\" name=\"item_meta[9]\" id=\"field_eln68-6\" value=\"elintarvikkeiden ja rehujen turvallisuus, el\u00e4inten terveys ja hyvinvointi\"\n\t\t data-reqmsg=\"Valitse ilmoituksen kategoria cannot be blank.\" data-invmsg=\"Valitse ilmoituksen kategoria is invalid\"   \/> elintarvikkeiden ja rehujen turvallisuus, el\u00e4inten terveys ja hyvinvointi<\/label><\/div>\n\t\t<div class=\"frm_radio\" id=\"frm_radio_9-7\">\t\t\t<label  for=\"field_eln68-7\">\n\t\t\t\t\t<input type=\"radio\" name=\"item_meta[9]\" id=\"field_eln68-7\" value=\"kansanterveys\"\n\t\t data-reqmsg=\"Valitse ilmoituksen kategoria cannot be blank.\" data-invmsg=\"Valitse ilmoituksen kategoria is invalid\"   \/> kansanterveys<\/label><\/div>\n\t\t<div class=\"frm_radio\" id=\"frm_radio_9-8\">\t\t\t<label  for=\"field_eln68-8\">\n\t\t\t\t\t<input type=\"radio\" name=\"item_meta[9]\" id=\"field_eln68-8\" value=\"kuluttajansuoja\"\n\t\t data-reqmsg=\"Valitse ilmoituksen kategoria cannot be blank.\" data-invmsg=\"Valitse ilmoituksen kategoria is invalid\"   \/> kuluttajansuoja<\/label><\/div>\n\t\t<div class=\"frm_radio\" id=\"frm_radio_9-9\">\t\t\t<label  for=\"field_eln68-9\">\n\t\t\t\t\t<input type=\"radio\" name=\"item_meta[9]\" id=\"field_eln68-9\" value=\"yksityisyyden ja henkil\u00f6tietojen suoja sek\u00e4 verkko- ja tietoj\u00e4rjestelmien turvallisuus\"\n\t\t data-reqmsg=\"Valitse ilmoituksen kategoria cannot be blank.\" data-invmsg=\"Valitse ilmoituksen kategoria is invalid\"   \/> yksityisyyden ja henkil\u00f6tietojen suoja sek\u00e4 verkko- ja tietoj\u00e4rjestelmien turvallisuus<\/label><\/div>\n<\/div>\r\n    \r\n    \r\n<\/div>\n<div id=\"frm_field_7_container\" class=\"frm_form_field form-field  frm_required_field frm_top_container\">\r\n    <label for=\"field_3yw8o\" id=\"field_3yw8o_label\" class=\"frm_primary_label\">Lyhyt kuvaus tapahtumasta\r\n        <span class=\"frm_required\" aria-hidden=\"true\">*<\/span>\r\n    <\/label>\r\n    <input  type=\"text\" id=\"field_3yw8o\" name=\"item_meta[7]\" value=\"\"  data-reqmsg=\"Lyhyt kuvaus tapahtumasta cannot be blank.\" aria-required=\"true\" data-invmsg=\"Text is invalid\" aria-invalid=\"false\"   \/>\r\n    \r\n    \r\n<\/div>\n<div id=\"frm_field_54_container\" class=\"frm_form_field form-field  frm_required_field frm_top_container frm4 frm_first\">\r\n    <label for=\"field_qjo5b\" id=\"field_qjo5b_label\" class=\"frm_primary_label\">Ilmoitus tehty\r\n        <span class=\"frm_required\" aria-hidden=\"true\">*<\/span>\r\n    <\/label>\r\n    <input type=\"text\" id=\"field_qjo5b\" name=\"item_meta[54]\" value=\"\"  maxlength=\"10\" data-reqmsg=\"Ilmoitus tehty cannot be blank.\" aria-required=\"true\" data-invmsg=\"Date is invalid\" class=\"frm_date\" aria-invalid=\"false\"  \/>\r\n    \r\n    \r\n<\/div>\n<div id=\"frm_field_15_container\" class=\"frm_form_field form-field  frm_required_field frm_top_container frm4\">\r\n    <label for=\"field_6mw9a\" id=\"field_6mw9a_label\" class=\"frm_primary_label\">Milloin t\u00e4m\u00e4 alkoi\r\n        <span class=\"frm_required\" aria-hidden=\"true\">*<\/span>\r\n    <\/label>\r\n    <input type=\"text\" id=\"field_6mw9a\" name=\"item_meta[15]\" value=\"\"  maxlength=\"10\" data-reqmsg=\"Milloin t\u00e4m\u00e4 alkoi cannot be blank.\" aria-required=\"true\" data-invmsg=\"Date is invalid\" class=\"frm_date\" aria-invalid=\"false\"  \/>\r\n    \r\n    \r\n<\/div>\n<div id=\"frm_field_16_container\" class=\"frm_form_field form-field  frm_top_container frm4\">\r\n    <label for=\"field_8urh9\" id=\"field_8urh9_label\" class=\"frm_primary_label\">Milloin t\u00e4m\u00e4 loppui\r\n        <span class=\"frm_required\" aria-hidden=\"true\"><\/span>\r\n    <\/label>\r\n    <input type=\"text\" id=\"field_8urh9\" name=\"item_meta[16]\" value=\"\"  maxlength=\"10\" data-invmsg=\"Date is invalid\" class=\"frm_date\" aria-invalid=\"false\"  \/>\r\n    \r\n    \r\n<\/div>\n<div id=\"frm_field_17_container\" class=\"frm_form_field form-field  frm_required_field frm_top_container frm6 frm_first vertical_radio\">\r\n    <div  id=\"field_vrfnj_label\" class=\"frm_primary_label\">Jatkuuko t\u00e4m\u00e4 edelleen?\r\n        <span class=\"frm_required\" aria-hidden=\"true\">*<\/span>\r\n    <\/div>\r\n    <div class=\"frm_opt_container\" aria-labelledby=\"field_vrfnj_label\" role=\"radiogroup\" aria-required=\"true\">\t\t<div class=\"frm_radio\" id=\"frm_radio_17-0\">\t\t\t<label  for=\"field_vrfnj-0\">\n\t\t\t\t\t<input type=\"radio\" name=\"item_meta[17]\" id=\"field_vrfnj-0\" value=\"Kyll\u00e4\"\n\t\t data-reqmsg=\"Jatkuuko t\u00e4m\u00e4 edelleen? cannot be blank.\" data-invmsg=\"Jatkuuko t\u00e4m\u00e4 edelleen? is invalid\"   \/> Kyll\u00e4<\/label><\/div>\n\t\t<div class=\"frm_radio\" id=\"frm_radio_17-1\">\t\t\t<label  for=\"field_vrfnj-1\">\n\t\t\t\t\t<input type=\"radio\" name=\"item_meta[17]\" id=\"field_vrfnj-1\" value=\"Ei\"\n\t\t data-reqmsg=\"Jatkuuko t\u00e4m\u00e4 edelleen? cannot be blank.\" data-invmsg=\"Jatkuuko t\u00e4m\u00e4 edelleen? is invalid\"   \/> Ei<\/label><\/div>\n\t\t<div class=\"frm_radio\" id=\"frm_radio_17-2\">\t\t\t<label  for=\"field_vrfnj-2\">\n\t\t\t\t\t<input type=\"radio\" name=\"item_meta[17]\" id=\"field_vrfnj-2\" value=\"En tied\u00e4\"\n\t\t data-reqmsg=\"Jatkuuko t\u00e4m\u00e4 edelleen? cannot be blank.\" data-invmsg=\"Jatkuuko t\u00e4m\u00e4 edelleen? is invalid\"   \/> En tied\u00e4<\/label><\/div>\n<\/div>\r\n    \r\n    \r\n<\/div>\n<div id=\"frm_field_18_container\" class=\"frm_form_field form-field  frm_required_field frm_top_container frm6\">\r\n    <label for=\"field_km76x\" id=\"field_km76x_label\" class=\"frm_primary_label\">Miss\u00e4 t\u00e4m\u00e4 tapahtui?\r\n        <span class=\"frm_required\" aria-hidden=\"true\">*<\/span>\r\n    <\/label>\r\n    <input  type=\"text\" id=\"field_km76x\" name=\"item_meta[18]\" value=\"\"  data-reqmsg=\"Miss\u00e4 t\u00e4m\u00e4 tapahtui? cannot be blank.\" aria-required=\"true\" data-invmsg=\"Text is invalid\" aria-invalid=\"false\"   \/>\r\n    \r\n    \r\n<\/div>\n<div id=\"frm_field_6_container\" class=\"frm_form_field form-field  frm_required_field frm_top_container frm12 frm_first\">\r\n    <label for=\"field_m4g90\" id=\"field_m4g90_label\" class=\"frm_primary_label\">Tarkempi kuvaus tapahtumasta\r\n        <span class=\"frm_required\" aria-hidden=\"true\">*<\/span>\r\n    <\/label>\r\n    <textarea name=\"item_meta[6]\" id=\"field_m4g90\" rows=\"5\"  data-reqmsg=\"Tarkempi kuvaus tapahtumasta cannot be blank.\" aria-required=\"true\" data-invmsg=\"Paragraph is invalid\" aria-invalid=\"false\"  ><\/textarea>\r\n    \r\n    \r\n<\/div>\n<div id=\"frm_field_19_container\" class=\"frm_form_field form-field  frm_top_container frm12 frm_first\">\r\n    <label for=\"field_5msgk\" id=\"field_5msgk_label\" class=\"frm_primary_label\">J\u00e4t\u00e4 tarvittaessa lis\u00e4tietoja ilmoituksen k\u00e4sittelij\u00e4lle\r\n        <span class=\"frm_required\" aria-hidden=\"true\"><\/span>\r\n    <\/label>\r\n    <textarea name=\"item_meta[19]\" id=\"field_5msgk\" rows=\"5\"  data-invmsg=\"Paragraph is invalid\" aria-invalid=\"false\"  ><\/textarea>\r\n    \r\n    \r\n<\/div>\n<div id=\"frm_field_20_container\" class=\"frm_form_field form-field  frm_top_container\">\r\n    <label for=\"field_4t4ud\" id=\"field_4t4ud_label\" class=\"frm_primary_label\">Lis\u00e4\u00e4 kuva tai liitetiedosto\r\n        <span class=\"frm_required\" aria-hidden=\"true\"><\/span>\r\n    <\/label>\r\n    <input type=\"hidden\"  data-invmsg=\"File Upload is invalid\" aria-invalid=\"false\"   name=\"item_meta[20]\"  value=\"\" data-frmfile=\"20\" \/>\n\n<div class=\"frm_dropzone frm_single_upload frm_clearfix\" id=\"file20_dropzone\" role=\"group\" >\n\t<div class=\"fallback\">\n\t\t<input type=\"file\" name=\"file20\" id=\"field_4t4ud\"\n\t\t\t data-invmsg=\"File Upload is invalid\" aria-invalid=\"false\"  \t\t\t\/>\n\t\t\t\t<div class=\"frm_clearfix \"><\/div>\n\t<\/div>\n\t<div class=\"dz-message needsclick\">\n\t\t\t\t<svg  viewBox=\"0 0 18 18\" class=\"frmsvg frm-svg-icon\">\n\t<path viewBox=\"0 0 18 18\" fill-rule=\"evenodd\" clip-rule=\"evenodd\" d=\"M8.2 4v8a.8.8 0 001.5 0V4l2.1 2.2A.7.7 0 1013 5L9.5 1.7a.7.7 0 00-1.1 0L5.1 5.2a.8.8 0 001 1l2.1-2zm7.6 4.3c.4 0 .7.3.7.7v6.8c0 .4-.3.7-.8.7H2.3a.8.8 0 01-.8-.8V9A.8.8 0 013 9v6h12V9c0-.4.3-.8.8-.8z\"><\/path>\n<\/svg>\t\t<span class=\"frm_upload_text\"><button type=\"button\" aria-label=\"Lis\u00e4\u00e4 kuva tai liitetiedosto. Pudota tiedosto t\u00e4h\u00e4n tai lataa tiedosto napsauttamalla. Maximum file size: 7.17MB\">Pudota tiedosto t\u00e4h\u00e4n tai lataa tiedosto napsauttamalla<\/button><\/span>\n\t\t<span class=\"frm_compact_text\"><button type=\"button\" aria-label=\"Lis\u00e4\u00e4 kuva tai liitetiedosto. Choose File. Maximum file size: 7.17MB\">Choose File<\/button><\/span>\n\t\t<div class=\"frm_small_text\">\n\t\t\t<p>Maximum file size: 7.17MB<\/p>\n\t\t<\/div>\n\t<\/div>\n<\/div>\n\t\r\n    \r\n    \r\n<\/div>\n<input type=\"hidden\" name=\"item_meta[26]\" id=\"field_xd7b\" value=\"\"     \/>\n<input type=\"hidden\" name=\"item_meta[51]\" id=\"field_qs6jn\" value=\"\"     \/>\n<input type=\"hidden\" name=\"item_meta[24]\" id=\"field_um4oa\" value=\"\"     \/>\n<input type=\"hidden\" name=\"item_meta[48]\" id=\"field_o7641\" value=\"\"     \/>\n<input type=\"hidden\" name=\"item_meta[52]\" id=\"field_h445z\" value=\"\"     \/>\n<input type=\"hidden\" name=\"item_meta[46]\" id=\"field_lvcte\" value=\"\"     \/>\n<input type=\"hidden\" name=\"item_meta[49]\" id=\"field_6flp8\" value=\"\"     \/>\n<input type=\"hidden\" name=\"item_meta[50]\" id=\"field_lqk3v\" value=\"\"     \/>\n<input type=\"hidden\" name=\"item_meta[53]\" id=\"field_v49s6\" value=\"\"     \/>\n<input type=\"hidden\" name=\"item_meta[25]\" id=\"field_j8c61\" value=\"\" data-frmval=\"\"\/>\n<div id=\"frm_field_434_container\" class=\"frm_form_field form-field \">\n\t<div class=\"frm_submit\">\r\n\r\n<button class=\"frm_button_submit frm_final_submit\" type=\"submit\"   formnovalidate=\"formnovalidate\">L\u00e4het\u00e4 ilmoitus<\/button>\r\n\r\n\r\n<\/div>\n<\/div>\n\t<input type=\"hidden\" name=\"item_key\" value=\"\" \/>\n\t<input name=\"frm_state\" type=\"hidden\" value=\"EQlNQw0FK\/LSuuK56XlA\/NfHQlfD7zjqkox5PKqS7uE=\" \/><\/div>\n<\/fieldset>\n<\/div>\n\n<\/form>\n<\/div>\n","protected":false},"excerpt":{"rendered":"<p>T\u00e4m\u00e4n ilmoituskanavan kautta voit ilmoittaa tutkinnan kohteeksi Kotico konsernissa tapahtuneesta rikos-, rikkomus- tai v\u00e4\u00e4rink\u00e4yt\u00f6sep\u00e4ilyst\u00e4. Ennen ilmoituksen tekemist\u00e4 tutustu WB Fiksun sivustoon, erityisesti Ilmoittajalle kohdan informaatioon. L\u00f6yd\u00e4t sielt\u00e4 tietoa mm. ketk\u00e4 voivat ilmoittaa, mit\u00e4 voit ilmoittaa, ilmoittajan saamasta suojasta jne. Voit tehd\u00e4 ilmoituksen k\u00e4ytt\u00e4en nimi- ja yhteystietojasi tai ilman niit\u00e4, molemmissa tapauksissa anonymiteettisi suojataan. Suosittelemme, ett\u00e4 liit\u00e4t ilmoitukseen nimesi ja yhteystietosi, jolloin yrityksen luotettavat k\u00e4sittelij\u00e4t voivat olla sinuun yhteydess\u00e4 esitt\u00e4\u00e4kseen tarkentavia kysymyksi\u00e4 ja turvatakseen ilmoitusten tutkinnan parhaalla mahdollisella tavalla. Saat vahvistuksen ilmoituksen vastaanottamisesta seitsem\u00e4n p\u00e4iv\u00e4n (7 pv) kuluessa ilmoituksen k\u00e4sittelij\u00e4lt\u00e4. Vain ty\u00f6nantajan nime\u00e4m\u00e4t ilmoitusten k\u00e4sittelij\u00e4t p\u00e4\u00e4sev\u00e4t k\u00e4sittelem\u00e4\u00e4n tietoja ja heill\u00e4 on&#8230; <\/p>\n","protected":false},"author":1,"featured_media":0,"parent":0,"menu_order":0,"comment_status":"closed","ping_status":"closed","template":"template-parts\/template-no-sidebar.php","meta":{"footnotes":""},"class_list":["post-4735","page","type-page","status-publish","hentry"],"_links":{"self":[{"href":"https:\/\/www.odum.fi\/wb-kotico\/wp-json\/wp\/v2\/pages\/4735","targetHints":{"allow":["GET"]}}],"collection":[{"href":"https:\/\/www.odum.fi\/wb-kotico\/wp-json\/wp\/v2\/pages"}],"about":[{"href":"https:\/\/www.odum.fi\/wb-kotico\/wp-json\/wp\/v2\/types\/page"}],"author":[{"embeddable":true,"href":"https:\/\/www.odum.fi\/wb-kotico\/wp-json\/wp\/v2\/users\/1"}],"replies":[{"embeddable":true,"href":"https:\/\/www.odum.fi\/wb-kotico\/wp-json\/wp\/v2\/comments?post=4735"}],"version-history":[{"count":49,"href":"https:\/\/www.odum.fi\/wb-kotico\/wp-json\/wp\/v2\/pages\/4735\/revisions"}],"predecessor-version":[{"id":5631,"href":"https:\/\/www.odum.fi\/wb-kotico\/wp-json\/wp\/v2\/pages\/4735\/revisions\/5631"}],"wp:attachment":[{"href":"https:\/\/www.odum.fi\/wb-kotico\/wp-json\/wp\/v2\/media?parent=4735"}],"curies":[{"name":"wp","href":"https:\/\/api.w.org\/{rel}","templated":true}]}}