{"id":4729,"date":"2023-05-02T09:01:51","date_gmt":"2023-05-02T09:01:51","guid":{"rendered":"https:\/\/www.odum.fi\/wb-kotico\/?page_id=4729"},"modified":"2023-11-27T10:51:07","modified_gmt":"2023-11-27T10:51:07","slug":"ilmoittajalle","status":"publish","type":"page","link":"https:\/\/www.odum.fi\/wb-kotico\/ilmoittajalle\/","title":{"rendered":"Tietoa ilmoittajalle"},"content":{"rendered":"\n<h2 class=\"wp-block-heading\">Ketk\u00e4 voivat ilmoittaa?<\/h2>\n\n\n\n<p>Ilmoituksen voivat tehd\u00e4 kaikki yrityksen ty\u00f6ntekij\u00e4t, vuokraty\u00f6ntekij\u00e4t, ammatinharjoittajat, vapaaehtoisty\u00f6ntekij\u00e4t, harjoittelijat ja yrityksen osakkeenomistajat ja jotka ty\u00f6ns\u00e4, toimensa tai teht\u00e4v\u00e4ns\u00e4 yhteydess\u00e4 ovat saaneet lain rikkomista koskevia tietoja yhti\u00f6st\u00e4.<\/p>\n\n\n\n<h2 class=\"wp-block-heading\">Mit\u00e4 voit ilmoittaa?<\/h2>\n\n\n\n<p>T\u00e4m\u00e4n ilmoituskanavan kautta voi tehd\u00e4  <strong>ilmoituksia rikos-, rikkomus- tai v\u00e4\u00e4rink\u00e4yt\u00f6s- ep\u00e4ilyksist\u00e4<\/strong>. Kyseess\u00e4 voi olla esim. lahjonta, korruptio, rahanpesu, harmaa talous, kilpailulains\u00e4\u00e4d\u00e4nn\u00f6n rikkomukset, tietosuojalains\u00e4\u00e4d\u00e4nn\u00f6n rikkomukset, tuote- tai elintarvikelains\u00e4\u00e4d\u00e4nn\u00f6n vastainen toiminta, jotka koskevat oikeuden aloja. Kanavaa ei ole tarkoitettu esimerkiksi ep\u00e4asiallisen k\u00e4yt\u00f6ksen tai yhdenvertaisuuteen liittyvien rikkomusten ilmoittamiseen.<\/p>\n\n\n\n<p>Ilmoittajansuojan saamiseksi <strong>sinulta&nbsp;edellytet\u00e4\u00e4n<\/strong>,&nbsp;ett\u00e4 sinulla on&nbsp;perusteltu syy uskoa, ett\u00e4 v\u00e4\u00e4rink\u00e4yt\u00f6ksi\u00e4 tai rikkomuksia koskevat tiedot pitiv\u00e4t paikkansa ilmoittamishetkell\u00e4 ja ilmoitus koskee jotakin tai joitakin alla olevista oikeuden aloista. Mik\u00e4li ilmoituksesi koskee jotakin muuta, sit\u00e4 ei oteta jatkok\u00e4sittelyyn. Saat kuitenkin aina esik\u00e4sittelyn tuloksen tiedoksesi vaikka se ei johtaisikaan jatkotoimenpiteisiin.<\/p>\n\n\n\n<p><strong>Ilmoituksen k\u00e4sittely ja suojan saaminen koskee Whistleblowing direktiiviss\u00e4 tarkoitetuilla oikeudenaloilla, jotka ovat:<\/strong><\/p>\n\n\n\n<ul class=\"wp-block-list\">\n<li>julkiset hankinnat, lukuunottamatta puolustus- ja turvallisuushankintoja<\/li>\n\n\n\n<li>rahoituspalvelut, rahanpesu ja terrorismin rahoituksen ehk\u00e4isy<\/li>\n\n\n\n<li>tuoteturvallisuus<\/li>\n\n\n\n<li>liikenneturvallisuus<\/li>\n\n\n\n<li>ymp\u00e4rist\u00f6nsuojelu<\/li>\n\n\n\n<li>ydinturvallisuus<\/li>\n\n\n\n<li>elintarvikkeiden ja rehujen turvallisuus, el\u00e4inten terveys ja hyvinvointi<\/li>\n\n\n\n<li>kansanterveys<\/li>\n\n\n\n<li>kuluttajansuoja<\/li>\n\n\n\n<li>yksityisyyden ja henkil\u00f6tietojen suoja sek\u00e4 verkko- ja tietoj\u00e4rjestelmien turvallisuus<\/li>\n<\/ul>\n\n\n\n<h2 class=\"wp-block-heading\">Ilmoitusten k\u00e4sittely ja tutkinta<\/h2>\n\n\n\n<p>Yrityksen valitsemat ilmoitusten k\u00e4sittelij\u00e4t ovat vaitiolovelvollisia ja puolueettomia. Tarpeellisiin toimenpiteisiin ilmoitusten vastaanottamisesta toimenpiteiden aloittamiseen ryhdyt\u00e4\u00e4n viivyttelem\u00e4tt\u00e4 ja niist\u00e4 tiedotetaan ilmoittajalle lain velvoitteiden mukaisesti. Mahdollisessa tutkinnassa voidaan haastatella ty\u00f6ntekij\u00f6it\u00e4 ilmoitusten todenmukaisuuden varmistamiseksi. Ty\u00f6ntekij\u00f6iden on t\u00e4ll\u00f6in pidett\u00e4v\u00e4 luottamuksellisena kaikki tutkimuksen yhteydess\u00e4 saamansa tieto. Tutkintaan voidaan tarvittaessa liitt\u00e4\u00e4 ulkopuolisia henkil\u00f6it\u00e4, jolloin luottamuksellisuus koskee my\u00f6s heit\u00e4.&nbsp;<\/p>\n\n\n\n<p>K\u00e4sittelij\u00e4t voivat hyl\u00e4t\u00e4 ilmoituksen, mik\u00e4li ilmoitus ei koske direktiivin ja kansallisen lain mukaisia m\u00e4\u00e4r\u00e4yksi\u00e4, ohjeistuksen huomioon ottamista tai ilmoitus on jo k\u00e4sitelty. K\u00e4sittelij\u00e4 voi my\u00f6s hyl\u00e4t\u00e4 ilmoituksen mik\u00e4li ilmoitusta ei ole tehty vilpitt\u00f6m\u00e4ss\u00e4 mieless\u00e4 tai se on tehty vahingoittamistarkoituksessa, saatavilla ei ole riitt\u00e4v\u00e4sti tietoa tutkinnan aloittamiseksi tai annetun tiedon todenper\u00e4isyytt\u00e4 ei pystyt\u00e4 selvitt\u00e4m\u00e4\u00e4n.<\/p>\n\n\n\n<h2 class=\"wp-block-heading\">Ilmoittajan suoja ja vastatoimien kielto<\/h2>\n\n\n\n<p>Ilmoittajaan joka tekee asianmukaisen ja lain mukaisen ilmoituksen ei saa kohdistaa vastatoimia rikkomista koskevan tiedon ilmoittamisen tai julkistamisen vuoksi. Kielletty\u00e4 on my\u00f6s menettely, jonka tarkoituksena on rikkomista koskevan tiedon ilmoittamisen tai julkistamisen est\u00e4minen.<\/p>\n\n\n\n<p>Kiellettyj\u00e4 vastatoimia ovat ty\u00f6- tai virkasuhteessa olevan henkil\u00f6n palvelussuhteen ehtojen heikent\u00e4minen tai h\u00e4nen palvelussuhteensa p\u00e4\u00e4tt\u00e4minen, henkil\u00f6n lomauttaminen, h\u00e4nt\u00e4 muutoin kohdellaan ep\u00e4edullisesti tai h\u00e4neen kohdistetaan muita kielteisi\u00e4 seurauksia sen vuoksi, ett\u00e4 h\u00e4n on ilmoittanut tai julkistanut rikkomista koskevan tiedon tai osallistunut ilmoittamansa rikkomista koskevan asian selvitt\u00e4miseen.<\/p>\n\n\n\n<h2 class=\"wp-block-heading\">Per\u00e4tt\u00f6m\u00e4t ilmoitukset<\/h2>\n\n\n\n<p>Ilmoituksen tekij\u00e4n on toimittava vilpitt\u00f6min mielin. Jos ilmoittaja k\u00e4ytt\u00e4\u00e4 ilmoitusmenettely\u00e4 v\u00e4\u00e4rin esitt\u00e4m\u00e4ll\u00e4 tietoisesti per\u00e4tt\u00f6mi\u00e4 tai pahantahtoisia v\u00e4itteit\u00e4, h\u00e4n syyllistyy vakavaan rikkomukseen, mik\u00e4 voi johtaa ty\u00f6oikeudellisiin kurinpitotoimiin, sek\u00e4 mahdollisesti my\u00f6s yksityisoikeudellisiin ja rikosoikeudellisiin seuraamuksiin.<\/p>\n\n\n\n<div style=\"height:20px\" aria-hidden=\"true\" class=\"wp-block-spacer\"><\/div>\n\n\n\n<h2 class=\"wp-block-heading\">Ilmoitus oikeuskanslerin virastoon<\/h2>\n\n\n\n<p>Voit my\u00f6s <strong><a href=\"https:\/\/oikeuskansleri.fi\/ilmoittajansuojelu\">poikkeuksellisesti tehd\u00e4 t\u00e4st\u00e4 ilmoituksen<\/a><\/strong> suoraan oikeuskanslerin virastoon, mik\u00e4li alla olevat edellytykset t\u00e4yttyv\u00e4t:<\/p>\n\n\n\n<p>1) organisaatiossa ei ole sis\u00e4ist\u00e4 ilmoituskanavaa tai ilmoittajalle ei ole annettu mahdollisuutta ilmoittaa sis\u00e4isen ilmoituskanavan kautta;<br>2) ilmoittajalla on perusteltu syy uskoa, ettei sis\u00e4isen ilmoituksen perusteella ole ryhdytty 16 \u00a7:ss\u00e4 tarkoitettuihin toimenpiteisiin mainitun pyk\u00e4l\u00e4n 2 momentissa s\u00e4\u00e4detyss\u00e4 m\u00e4\u00e4r\u00e4ajassa;<br>3) ilmoittajalla on perusteltu syy uskoa, ett\u00e4 rikkomiseen ei voida puuttua tehokkaasti sis\u00e4isen ilmoituksen perusteella; tai<br>4) ilmoittajalla on perusteltu syy uskoa, ett\u00e4 h\u00e4n on vaarassa joutua ilmoittamisen johdosta vastatoimien kohteeksi.<\/p>\n","protected":false},"excerpt":{"rendered":"<p>Ketk\u00e4 voivat ilmoittaa? Ilmoituksen voivat tehd\u00e4 kaikki yrityksen ty\u00f6ntekij\u00e4t, vuokraty\u00f6ntekij\u00e4t, ammatinharjoittajat, vapaaehtoisty\u00f6ntekij\u00e4t, harjoittelijat ja yrityksen osakkeenomistajat ja jotka ty\u00f6ns\u00e4, toimensa tai teht\u00e4v\u00e4ns\u00e4 yhteydess\u00e4 ovat saaneet lain rikkomista koskevia tietoja yhti\u00f6st\u00e4. Mit\u00e4 voit ilmoittaa? T\u00e4m\u00e4n ilmoituskanavan kautta voi tehd\u00e4 ilmoituksia rikos-, rikkomus- tai v\u00e4\u00e4rink\u00e4yt\u00f6s- ep\u00e4ilyksist\u00e4. Kyseess\u00e4 voi olla esim. lahjonta, korruptio, rahanpesu, harmaa talous, kilpailulains\u00e4\u00e4d\u00e4nn\u00f6n rikkomukset, tietosuojalains\u00e4\u00e4d\u00e4nn\u00f6n rikkomukset, tuote- tai elintarvikelains\u00e4\u00e4d\u00e4nn\u00f6n vastainen toiminta, jotka koskevat oikeuden aloja. Kanavaa ei ole tarkoitettu esimerkiksi ep\u00e4asiallisen k\u00e4yt\u00f6ksen tai yhdenvertaisuuteen liittyvien rikkomusten ilmoittamiseen. Ilmoittajansuojan saamiseksi sinulta&nbsp;edellytet\u00e4\u00e4n,&nbsp;ett\u00e4 sinulla on&nbsp;perusteltu syy uskoa, ett\u00e4 v\u00e4\u00e4rink\u00e4yt\u00f6ksi\u00e4 tai rikkomuksia koskevat tiedot pitiv\u00e4t paikkansa ilmoittamishetkell\u00e4 ja ilmoitus koskee jotakin tai joitakin&#8230; <\/p>\n","protected":false},"author":1,"featured_media":0,"parent":0,"menu_order":0,"comment_status":"closed","ping_status":"closed","template":"template-parts\/template-no-sidebar.php","meta":{"footnotes":""},"class_list":["post-4729","page","type-page","status-publish","hentry"],"_links":{"self":[{"href":"https:\/\/www.odum.fi\/wb-kotico\/wp-json\/wp\/v2\/pages\/4729","targetHints":{"allow":["GET"]}}],"collection":[{"href":"https:\/\/www.odum.fi\/wb-kotico\/wp-json\/wp\/v2\/pages"}],"about":[{"href":"https:\/\/www.odum.fi\/wb-kotico\/wp-json\/wp\/v2\/types\/page"}],"author":[{"embeddable":true,"href":"https:\/\/www.odum.fi\/wb-kotico\/wp-json\/wp\/v2\/users\/1"}],"replies":[{"embeddable":true,"href":"https:\/\/www.odum.fi\/wb-kotico\/wp-json\/wp\/v2\/comments?post=4729"}],"version-history":[{"count":34,"href":"https:\/\/www.odum.fi\/wb-kotico\/wp-json\/wp\/v2\/pages\/4729\/revisions"}],"predecessor-version":[{"id":5402,"href":"https:\/\/www.odum.fi\/wb-kotico\/wp-json\/wp\/v2\/pages\/4729\/revisions\/5402"}],"wp:attachment":[{"href":"https:\/\/www.odum.fi\/wb-kotico\/wp-json\/wp\/v2\/media?parent=4729"}],"curies":[{"name":"wp","href":"https:\/\/api.w.org\/{rel}","templated":true}]}}