{"id":4722,"date":"2023-05-02T06:54:46","date_gmt":"2023-05-02T06:54:46","guid":{"rendered":"https:\/\/www.odum.fi\/wb-kotico\/?page_id=4722"},"modified":"2023-11-26T09:55:33","modified_gmt":"2023-11-26T09:55:33","slug":"kasittely","status":"publish","type":"page","link":"https:\/\/www.odum.fi\/wb-kotico\/kasittely\/","title":{"rendered":"Miten ilmoitukset k\u00e4sitell\u00e4\u00e4n?"},"content":{"rendered":"\n<p>Ilmoittaja saa <strong>seitsem\u00e4n vuorokauden (<strong>7 <\/strong>vrk) kuluessa <\/strong>tiedon ilmoituksen vastaanottamisesta, mik\u00e4li h\u00e4n on j\u00e4tt\u00e4nyt yhteystietonsa. Yrityksen valitsemat <strong>puolueettomat ja luotettavat k\u00e4sittelij\u00e4t<\/strong> <strong>tekev\u00e4t esiselvityksen<\/strong>, onko ilmoitus Whistleblower-direktiivin ja t\u00e4m\u00e4n ohjeistuksen mukainen sek\u00e4 hyv\u00e4ksyt\u00e4\u00e4nk\u00f6 ilmoitus ja aloitetaanko sen tutkiminen.<\/p>\n\n\n\n<p>K\u00e4sittelij\u00e4t voivat hyl\u00e4t\u00e4 ilmoituksen, jos on ilmeist\u00e4, ett\u00e4 ilmoitus ei koske t\u00e4m\u00e4n ohjeistuksen mukaista tilannetta, ilmoitusta ei ole tehty vilpitt\u00f6m\u00e4ss\u00e4 mieless\u00e4, se on tehty vahingoittamistarkoituksessa, saatavilla ei ole riitt\u00e4v\u00e4sti tietoa, jotta tutkinta olisi mahdollista k\u00e4ynnist\u00e4\u00e4, annettujen tietojen todenper\u00e4isyytt\u00e4 ei pystyt\u00e4 luotettavasti selvitt\u00e4m\u00e4\u00e4n tai ilmoituksessa esitetty asia on jo ratkaistu.<\/p>\n\n\n\n<p>Ilmoittajalle kerrotaan <strong>kolmen kuukauden (3 kk) kuluessa<\/strong> vastaanottoilmoituksen toimittamisesta, mit\u00e4 toimenpiteit\u00e4 ilmoituksen perusteella toteutetaan. Asianmukaiset korjaavat toimenpiteet, sik\u00e4li kuin ne ovat tarpeen, perustuvat aina perusteellisen tutkinnan tuloksiin. Luottamuksellisuus ja salassapitovelvollisuus koskee my\u00f6s tutkintaan osallistuneita henkil\u00f6it\u00e4. Organisaatio voi nimet\u00e4 ilmoituksen paikkansa pit\u00e4vyyden selvitt\u00e4miseksi tarvittavia asiantuntijoita. Kaikki tiedonvaihto on luottamuksellista ja suojattu lains\u00e4\u00e4d\u00e4nn\u00f6ll\u00e4.<\/p>\n\n\n\n<div style=\"height:61px\" aria-hidden=\"true\" class=\"wp-block-spacer\"><\/div>\n\n\n\n<figure class=\"wp-block-image size-large\"><img loading=\"lazy\" decoding=\"async\" width=\"1024\" height=\"937\" src=\"https:\/\/www.odum.fi\/wb-kotico\/wp-content\/uploads\/sites\/48\/2023\/11\/WBF-prosessikuva-1024x937.png\" alt=\"\" class=\"wp-image-5351\" srcset=\"https:\/\/www.odum.fi\/wb-kotico\/wp-content\/uploads\/sites\/48\/2023\/11\/WBF-prosessikuva-1024x937.png 1024w, https:\/\/www.odum.fi\/wb-kotico\/wp-content\/uploads\/sites\/48\/2023\/11\/WBF-prosessikuva-300x274.png 300w, https:\/\/www.odum.fi\/wb-kotico\/wp-content\/uploads\/sites\/48\/2023\/11\/WBF-prosessikuva-768x703.png 768w, https:\/\/www.odum.fi\/wb-kotico\/wp-content\/uploads\/sites\/48\/2023\/11\/WBF-prosessikuva-1536x1405.png 1536w, https:\/\/www.odum.fi\/wb-kotico\/wp-content\/uploads\/sites\/48\/2023\/11\/WBF-prosessikuva-1320x1207.png 1320w, https:\/\/www.odum.fi\/wb-kotico\/wp-content\/uploads\/sites\/48\/2023\/11\/WBF-prosessikuva.png 1994w\" sizes=\"auto, (max-width: 1024px) 100vw, 1024px\" \/><\/figure>\n\n\n\n<div style=\"height:28px\" aria-hidden=\"true\" class=\"wp-block-spacer\"><\/div>\n\n\n\n<p><\/p>\n","protected":false},"excerpt":{"rendered":"<p>Ilmoittaja saa seitsem\u00e4n vuorokauden (7 vrk) kuluessa tiedon ilmoituksen vastaanottamisesta, mik\u00e4li h\u00e4n on j\u00e4tt\u00e4nyt yhteystietonsa. Yrityksen valitsemat puolueettomat ja luotettavat k\u00e4sittelij\u00e4t tekev\u00e4t esiselvityksen, onko ilmoitus Whistleblower-direktiivin ja t\u00e4m\u00e4n ohjeistuksen mukainen sek\u00e4 hyv\u00e4ksyt\u00e4\u00e4nk\u00f6 ilmoitus ja aloitetaanko sen tutkiminen. K\u00e4sittelij\u00e4t voivat hyl\u00e4t\u00e4 ilmoituksen, jos on ilmeist\u00e4, ett\u00e4 ilmoitus ei koske t\u00e4m\u00e4n ohjeistuksen mukaista tilannetta, ilmoitusta ei ole tehty vilpitt\u00f6m\u00e4ss\u00e4 mieless\u00e4, se on tehty vahingoittamistarkoituksessa, saatavilla ei ole riitt\u00e4v\u00e4sti tietoa, jotta tutkinta olisi mahdollista k\u00e4ynnist\u00e4\u00e4, annettujen tietojen todenper\u00e4isyytt\u00e4 ei pystyt\u00e4 luotettavasti selvitt\u00e4m\u00e4\u00e4n tai ilmoituksessa esitetty asia on jo ratkaistu. Ilmoittajalle kerrotaan kolmen kuukauden (3 kk) kuluessa vastaanottoilmoituksen toimittamisesta, mit\u00e4 toimenpiteit\u00e4 ilmoituksen perusteella toteutetaan&#8230;. <\/p>\n","protected":false},"author":1,"featured_media":0,"parent":0,"menu_order":0,"comment_status":"closed","ping_status":"closed","template":"template-parts\/template-no-sidebar.php","meta":{"footnotes":""},"class_list":["post-4722","page","type-page","status-publish","hentry"],"_links":{"self":[{"href":"https:\/\/www.odum.fi\/wb-kotico\/wp-json\/wp\/v2\/pages\/4722","targetHints":{"allow":["GET"]}}],"collection":[{"href":"https:\/\/www.odum.fi\/wb-kotico\/wp-json\/wp\/v2\/pages"}],"about":[{"href":"https:\/\/www.odum.fi\/wb-kotico\/wp-json\/wp\/v2\/types\/page"}],"author":[{"embeddable":true,"href":"https:\/\/www.odum.fi\/wb-kotico\/wp-json\/wp\/v2\/users\/1"}],"replies":[{"embeddable":true,"href":"https:\/\/www.odum.fi\/wb-kotico\/wp-json\/wp\/v2\/comments?post=4722"}],"version-history":[{"count":50,"href":"https:\/\/www.odum.fi\/wb-kotico\/wp-json\/wp\/v2\/pages\/4722\/revisions"}],"predecessor-version":[{"id":5390,"href":"https:\/\/www.odum.fi\/wb-kotico\/wp-json\/wp\/v2\/pages\/4722\/revisions\/5390"}],"wp:attachment":[{"href":"https:\/\/www.odum.fi\/wb-kotico\/wp-json\/wp\/v2\/media?parent=4722"}],"curies":[{"name":"wp","href":"https:\/\/api.w.org\/{rel}","templated":true}]}}