{"id":4715,"date":"2023-05-02T06:40:24","date_gmt":"2023-05-02T06:40:24","guid":{"rendered":"https:\/\/www.odum.fi\/wb-kotico\/?page_id=4715"},"modified":"2024-01-25T07:35:37","modified_gmt":"2024-01-25T07:35:37","slug":"ilmoituskanava","status":"publish","type":"page","link":"https:\/\/www.odum.fi\/wb-kotico\/ilmoituskanava\/","title":{"rendered":"Luotettava ilmoituskanava"},"content":{"rendered":"\n<div style=\"height:3px\" aria-hidden=\"true\" class=\"wp-block-spacer\"><\/div>\n\n\n\n<h2 class=\"wp-block-heading\">Osapuolet:<\/h2>\n\n\n\n<p>Kotico konserni ja Odum Oy<\/p>\n\n\n\n<h4 class=\"wp-block-heading\">Kohderyhm\u00e4:<\/h4>\n\n\n\n<p>Kotico konsernin ty\u00f6ntekij\u00e4t, asiakkaat ja kumppanit<\/p>\n\n\n\n<h4 class=\"wp-block-heading\">Ilmoitusten k\u00e4sittelij\u00e4t:<\/h4>\n\n\n\n<p>Hanna-Mari Piikkil\u00e4, Kotico konserni<\/p>\n\n\n\n<h4 class=\"wp-block-heading\">Ilmoituskanavan yll\u00e4pit\u00e4j\u00e4:<\/h4>\n\n\n\n<p>Odum Oy<\/p>\n\n\n\n<div style=\"height:11px\" aria-hidden=\"true\" class=\"wp-block-spacer\"><\/div>\n\n\n\n<h2 class=\"wp-block-heading\">Tausta ja ohjeistus:<\/h2>\n\n\n\n<p>T\u00e4m\u00e4 ilmoituskanava ja siihen liittyv\u00e4 ohjeistus on yhti\u00f6n hallinnon hyv\u00e4ksym\u00e4. Kanava antaa yrityksen henkil\u00f6st\u00f6lle mahdollisuuden ilmoittaa luottamuksellisesti yhti\u00f6n toiminnassa havaitsemistaan v\u00e4\u00e4rink\u00e4yt\u00f6sten ep\u00e4ilyist\u00e4, rikkomuksista tai toiminnasta, joka rikkoo Euroopan unionin asetuksia tai kansallisia lakeja henkil\u00f6iden suojelusta annetun direktiivin (EU) 2019\/1937), ns. \u201cWhistleblower direktiivin\u201d luettelemilla lains\u00e4\u00e4d\u00e4nn\u00f6n aloilla.<\/p>\n\n\n\n<p>Direktiivi suojaa henkil\u00f6it\u00e4, jotka ilmoittavat tietoja laittomuuksista, petoksista, korruptiosta tai muista v\u00e4\u00e4rink\u00e4yt\u00f6ksist\u00e4, jotka liittyv\u00e4t EU-lains\u00e4\u00e4d\u00e4nn\u00f6n soveltamiseen. Kansallinen laki Euroopan unionin ja kansallisen oikeuden rikkomisesta ilmoittavien henkil\u00f6iden suojelusta&nbsp;<a href=\"https:\/\/www.finlex.fi\/fi\/laki\/alkup\/2022\/20221171\"><strong>1171\/2022<\/strong><\/a>&nbsp;tehostaa direktiivin t\u00e4yt\u00e4nt\u00f6\u00f6npanoa Suomessa.<\/p>\n\n\n\n<p>Ilmoituskanava on t\u00e4rke\u00e4 ty\u00f6kalu riskien v\u00e4hent\u00e4miseksi ja luottamuksen yll\u00e4pit\u00e4miseksi, koska se auttaa yhti\u00f6it\u00e4 havaitsemaan mahdolliset v\u00e4\u00e4rink\u00e4yt\u00f6kset ja reagoimaan niihin varhaisessa vaiheessa.<\/p>\n\n\n\n<h2 class=\"wp-block-heading\">Luottamuksellisuus:<\/h2>\n\n\n\n<p>Kaikki WB Fiksu ilmoituskanavan kautta  teht\u00e4v\u00e4t ilmoitukset k\u00e4sitell\u00e4\u00e4n luottamukselliseti ja kanavan teknologia perustuu suojattuun ja salattuun palveluun. Kaikkiin ilmoituksiin suhtaudutaan vakavasti ja ty\u00f6nantajasi on sitoutunut varmistamaan, ett\u00e4 kaikki ilmoitukset ep\u00e4illyist\u00e4 rikkomuksista ja v\u00e4\u00e4rink\u00e4yt\u00f6ksist\u00e4 k\u00e4sitell\u00e4\u00e4n luottamuksellisesti, nopeasti ja lakien mukaisesti.<\/p>\n\n\n\n<h2 class=\"wp-block-heading\">Ilmoitusten k\u00e4sittely:<\/h2>\n\n\n\n<p>Yrityksen on nimett\u00e4v\u00e4 ilmoituksen k\u00e4sittelyst\u00e4 vastaava henkil\u00f6 tai henkil\u00f6t, joiden on voitava hoitaa teht\u00e4v\u00e4ns\u00e4 puolueettomasti ja riippumattomasti. Yrityksen valitsemat ilmoitusten k\u00e4sittelij\u00e4t ovat vaitiolovelvollisia ja puolueettomia. Tarpeellisiin toimenpiteisiin ilmoitusten vastaanottamisesta toimenpiteiden aloittamiseen ryhdyt\u00e4\u00e4n viivyttelem\u00e4tt\u00e4 ja niist\u00e4 tiedotetaan ilmoittajalle lain velvoitteiden mukaisesti.  Mahdollisessa tutkinnassa voidaan haastatella ty\u00f6ntekij\u00f6it\u00e4 ilmoitusten todenmukaisuuden varmistamiseksi. Ty\u00f6ntekij\u00f6iden on t\u00e4ll\u00f6in pidett\u00e4v\u00e4 luottamuksellisena kaikki tutkimuksen yhteydess\u00e4 saamansa tiedot. Tutkintaan voidaan tarvittaessa liitt\u00e4\u00e4 ulkopuolisia henkil\u00f6it\u00e4, jolloin luottamuksellisuus koskee my\u00f6s heit\u00e4. <\/p>\n\n\n\n<p>K\u00e4sittelij\u00e4t voivat hyl\u00e4t\u00e4 ilmoituksen, jos on ilmeist\u00e4 ett\u00e4 ilmoitus ei koske direktiivin ja kansallisen lain mukaisia m\u00e4\u00e4r\u00e4yksi\u00e4, ohjeistuksen huomioon ottamista tai ilmoitus on jo k\u00e4sitelty. K\u00e4sittelij\u00e4 voi hyl\u00e4t\u00e4 ilmoituksen my\u00f6s mik\u00e4li ilmoitusta ei ole tehty vilpitt\u00f6m\u00e4ss\u00e4 mieless\u00e4 tai se on tehty vahingoittamistarkoituksessa, saatavilla ei ole riitt\u00e4v\u00e4sti tietoa tutkinnan aloittamiseksi tai annetun tiedon todenper\u00e4isyytt\u00e4 ei pystyt\u00e4 selvitt\u00e4m\u00e4\u00e4n.<\/p>\n","protected":false},"excerpt":{"rendered":"<p>Osapuolet: Kotico konserni ja Odum Oy Kohderyhm\u00e4: Kotico konsernin ty\u00f6ntekij\u00e4t, asiakkaat ja kumppanit Ilmoitusten k\u00e4sittelij\u00e4t: Hanna-Mari Piikkil\u00e4, Kotico konserni Ilmoituskanavan yll\u00e4pit\u00e4j\u00e4: Odum Oy Tausta ja ohjeistus: T\u00e4m\u00e4 ilmoituskanava ja siihen liittyv\u00e4 ohjeistus on yhti\u00f6n hallinnon hyv\u00e4ksym\u00e4. Kanava antaa yrityksen henkil\u00f6st\u00f6lle mahdollisuuden ilmoittaa luottamuksellisesti yhti\u00f6n toiminnassa havaitsemistaan v\u00e4\u00e4rink\u00e4yt\u00f6sten ep\u00e4ilyist\u00e4, rikkomuksista tai toiminnasta, joka rikkoo Euroopan unionin asetuksia tai kansallisia lakeja henkil\u00f6iden suojelusta annetun direktiivin (EU) 2019\/1937), ns. \u201cWhistleblower direktiivin\u201d luettelemilla lains\u00e4\u00e4d\u00e4nn\u00f6n aloilla. Direktiivi suojaa henkil\u00f6it\u00e4, jotka ilmoittavat tietoja laittomuuksista, petoksista, korruptiosta tai muista v\u00e4\u00e4rink\u00e4yt\u00f6ksist\u00e4, jotka liittyv\u00e4t EU-lains\u00e4\u00e4d\u00e4nn\u00f6n soveltamiseen. Kansallinen laki Euroopan unionin ja kansallisen oikeuden rikkomisesta ilmoittavien henkil\u00f6iden suojelusta&nbsp;1171\/2022&nbsp;tehostaa direktiivin t\u00e4yt\u00e4nt\u00f6\u00f6npanoa&#8230; <\/p>\n","protected":false},"author":1,"featured_media":0,"parent":0,"menu_order":0,"comment_status":"closed","ping_status":"closed","template":"template-parts\/template-no-sidebar.php","meta":{"footnotes":""},"class_list":["post-4715","page","type-page","status-publish","hentry"],"_links":{"self":[{"href":"https:\/\/www.odum.fi\/wb-kotico\/wp-json\/wp\/v2\/pages\/4715","targetHints":{"allow":["GET"]}}],"collection":[{"href":"https:\/\/www.odum.fi\/wb-kotico\/wp-json\/wp\/v2\/pages"}],"about":[{"href":"https:\/\/www.odum.fi\/wb-kotico\/wp-json\/wp\/v2\/types\/page"}],"author":[{"embeddable":true,"href":"https:\/\/www.odum.fi\/wb-kotico\/wp-json\/wp\/v2\/users\/1"}],"replies":[{"embeddable":true,"href":"https:\/\/www.odum.fi\/wb-kotico\/wp-json\/wp\/v2\/comments?post=4715"}],"version-history":[{"count":43,"href":"https:\/\/www.odum.fi\/wb-kotico\/wp-json\/wp\/v2\/pages\/4715\/revisions"}],"predecessor-version":[{"id":5639,"href":"https:\/\/www.odum.fi\/wb-kotico\/wp-json\/wp\/v2\/pages\/4715\/revisions\/5639"}],"wp:attachment":[{"href":"https:\/\/www.odum.fi\/wb-kotico\/wp-json\/wp\/v2\/media?parent=4715"}],"curies":[{"name":"wp","href":"https:\/\/api.w.org\/{rel}","templated":true}]}}