{"id":790,"date":"2018-10-03T11:46:31","date_gmt":"2018-10-03T11:46:31","guid":{"rendered":"http:\/\/localhost\/www\/Mythemes\/modeling\/?page_id=790"},"modified":"2023-09-20T15:55:25","modified_gmt":"2023-09-20T15:55:25","slug":"tietosuojaseloste","status":"publish","type":"page","link":"https:\/\/www.odum.fi\/maatalous\/tietosuojaseloste\/","title":{"rendered":"Tietosuojaseloste"},"content":{"rendered":"<h2>1. Rekisterinpit\u00e4j\u00e4<\/h2>\n<p>Nimi: Odum Oy, 0224529-8<br \/>\nOsoite: Hitsaajankatu 20, 00810 Helsinki<br \/>\nMuut yhteystiedot: info@odum.fi<\/p>\n<h2>2. Yhteyshenkil\u00f6 rekisteri\u00e4 koskevissa asioissa<\/h2>\n<p>Nimi: Henri Rautamo, tietosuojavastaava<br \/>\nOsoite: Hitsaajankatu 20, 00810 Helsinki<\/p>\n<h2>3. Rekisterin nimi<\/h2>\n<p>ODUM Turva<\/p>\n<h2>4. Henkil\u00f6tietojen k\u00e4sittelyn tarkoitus<\/h2>\n<p>ODUM Turva k\u00e4ytt\u00e4j\u00e4n henkil\u00f6- ja yhteystietoja tarvitaan henkil\u00f6kohtaisen k\u00e4ytt\u00e4j\u00e4tunnuksen toimittamista varten, k\u00e4ytt\u00f6oikeuksien hallintaan sek\u00e4 k\u00e4ytt\u00f6tuessa ja tiedotettaessa k\u00e4ytt\u00e4j\u00e4\u00e4 palveluun liittyvist\u00e4 asioista.<\/p>\n<p>Tietoja s\u00e4ilytet\u00e4\u00e4n rekisteriss\u00e4 toistaiseksi ja niin kauan kuin rekister\u00f6idyn ty\u00f6nantajalla on voimassa oleva sopimus ODUM Turva -palvelun k\u00e4yt\u00f6st\u00e4. Mik\u00e4li sopimus p\u00e4\u00e4ttyy, poistetaan kaikki henkil\u00f6tiedot kolmen kuukauden kuluessa sopimuksen p\u00e4\u00e4ttymisest\u00e4. Mik\u00e4li k\u00e4ytt\u00e4j\u00e4n ty\u00f6suhde p\u00e4\u00e4ttyy, poistetaan henkil\u00f6tiedot ja k\u00e4ytt\u00e4j\u00e4tunnus kuukauden kuluessa ty\u00f6nantajan ilmoituksesta.<\/p>\n<h2>5. Rekisterin tietosis\u00e4lt\u00f6<\/h2>\n<p>Tallennettavat tiedot ovat nimi, s\u00e4hk\u00f6postiosoite, matkapuhelinnumero, ty\u00f6nantaja ja ammattinimike.<\/p>\n<h2>6. S\u00e4\u00e4nn\u00f6nmukaiset tietol\u00e4hteet<\/h2>\n<p>Ainoastaan k\u00e4ytt\u00e4j\u00e4n itsens\u00e4 toimittamat henkil\u00f6- ja yhteystiedot.<\/p>\n<h2>7. Tietojen s\u00e4\u00e4nn\u00f6nmukaiset luovutukset<\/h2>\n<p>Tietoja ei luovuteta s\u00e4\u00e4nn\u00f6nmukaisesti.<\/p>\n<h2>8. Tietojen siirto EU:n tai ETA:n ulkopuolelle<\/h2>\n<p>Tietoja ei siirret\u00e4 EU:n tai ETA:n ulkopuolelle.<\/p>\n<h2>9. Rekisterin suojauksen periaatteet<\/h2>\n<p><strong>A. Manuaalinen aineisto<\/strong><br \/>\nPaperisia ja manuaalisia aineistoja ei k\u00e4ytet\u00e4.<\/p>\n<p><strong>B. ATK:lla k\u00e4sitelt\u00e4v\u00e4t tiedot<\/strong><br \/>\nAsiakasyrityksen vastuu- ja yhteyshenkil\u00f6n nimi ja yhteystiedot tallennetaan suojattuun ja luottamukselliseen tietoj\u00e4rjestelm\u00e4\u00e4n.&nbsp;Odum Oy:n ty\u00f6ntekij\u00f6ill\u00e4 on salassapitovelvollisuus ja j\u00e4rjestelm\u00e4\u00e4n p\u00e4\u00e4sy edellytt\u00e4\u00e4 kaikilta k\u00e4ytt\u00e4jilt\u00e4 henkil\u00f6kohtaista k\u00e4ytt\u00e4j\u00e4tunnusta ja salasanaa. K\u00e4ytt\u00e4jille my\u00f6nnet\u00e4\u00e4n rajoitettu k\u00e4ytt\u00f6oikeus ty\u00f6teht\u00e4v\u00e4n kannalta tarvittaviin tietoihin.<\/p>\n<p>J\u00e4rjestelm\u00e4\u00e4 k\u00e4ytt\u00e4\u00e4 vahvaa salaustekniikkaa ja tiedot s\u00e4ilytet\u00e4\u00e4n turvallisessa konesalissa, jonka tietoturvataso vastaa voimassa olevia vaatimuksia. Rekisterist\u00e4 suoritetaan s\u00e4\u00e4nn\u00f6llinen varmuuskopiointi.<\/p>\n<h2>10. Tarkastusoikeus<\/h2>\n<p>Rekister\u00f6idyll\u00e4 on oikeus tarkastaa mit\u00e4 tietoja h\u00e4nest\u00e4 on tallennettu rekisteriin. Tarkastuspyynn\u00f6n voi tehd\u00e4 s\u00e4hk\u00f6postitse osoitteeseen info@odum.fi.<\/p>\n<h2>11. Oikeus vaatia tiedon korjaamista<\/h2>\n<p>Rekister\u00f6idyll\u00e4 on oikeus vaatia itseens\u00e4 liittyv\u00e4n virheellisen tiedon korjaamista. Korjauspyynt\u00f6 tulee tehd\u00e4 s\u00e4hk\u00f6postitse osoitteeseen info@odum.fi.<\/p>\n<h2>12. Muut henkil\u00f6tietojen k\u00e4sittelyyn liittyv\u00e4t oikeudet<\/h2>\n<p>Rekister\u00f6idyll\u00e4 on oikeus pyyt\u00e4\u00e4 henkil\u00f6tietojensa poistamista j\u00e4rjestelm\u00e4st\u00e4. Henkil\u00f6tietojen poistaminen toteutetaan mahdollisimman pian, kuitenkin viimeist\u00e4\u00e4n kuukauden kuluessa pyynn\u00f6st\u00e4. Pyynt\u00f6 henkil\u00f6tietojen poistamisesta tulee tehd\u00e4 s\u00e4hk\u00f6postitse osoitteeseen info@odum.fi.<\/p>\n<p><em>P\u00e4ivitetty viimeksi: Maaliskuu 2022<\/em><\/p>\n","protected":false},"excerpt":{"rendered":"<p>1. Rekisterinpit\u00e4j\u00e4 Nimi: Odum Oy, 0224529-8 Osoite: Hitsaajankatu 20, 00810 Helsinki Muut yhteystiedot: info@odum.fi 2. Yhteyshenkil\u00f6 rekisteri\u00e4 koskevissa asioissa Nimi: Henri Rautamo, tietosuojavastaava Osoite: Hitsaajankatu 20, 00810 Helsinki 3. Rekisterin nimi ODUM Turva 4. Henkil\u00f6tietojen k\u00e4sittelyn tarkoitus ODUM Turva k\u00e4ytt\u00e4j\u00e4n henkil\u00f6- ja yhteystietoja tarvitaan henkil\u00f6kohtaisen k\u00e4ytt\u00e4j\u00e4tunnuksen toimittamista varten, k\u00e4ytt\u00f6oikeuksien hallintaan sek\u00e4 k\u00e4ytt\u00f6tuessa ja tiedotettaessa k\u00e4ytt\u00e4j\u00e4\u00e4 palveluun liittyvist\u00e4 asioista. Tietoja s\u00e4ilytet\u00e4\u00e4n rekisteriss\u00e4 toistaiseksi ja niin kauan kuin rekister\u00f6idyn ty\u00f6nantajalla on voimassa oleva sopimus ODUM Turva -palvelun k\u00e4yt\u00f6st\u00e4. Mik\u00e4li sopimus p\u00e4\u00e4ttyy, poistetaan kaikki henkil\u00f6tiedot kolmen kuukauden kuluessa sopimuksen p\u00e4\u00e4ttymisest\u00e4. Mik\u00e4li k\u00e4ytt\u00e4j\u00e4n ty\u00f6suhde p\u00e4\u00e4ttyy, poistetaan henkil\u00f6tiedot ja k\u00e4ytt\u00e4j\u00e4tunnus kuukauden kuluessa ty\u00f6nantajan ilmoituksesta. 5&#8230;. <\/p>\n","protected":false},"author":1,"featured_media":0,"parent":0,"menu_order":0,"comment_status":"closed","ping_status":"closed","template":"template-parts\/template-full-width.php","meta":{"footnotes":""},"class_list":["post-790","page","type-page","status-publish","hentry"],"_links":{"self":[{"href":"https:\/\/www.odum.fi\/maatalous\/wp-json\/wp\/v2\/pages\/790","targetHints":{"allow":["GET"]}}],"collection":[{"href":"https:\/\/www.odum.fi\/maatalous\/wp-json\/wp\/v2\/pages"}],"about":[{"href":"https:\/\/www.odum.fi\/maatalous\/wp-json\/wp\/v2\/types\/page"}],"author":[{"embeddable":true,"href":"https:\/\/www.odum.fi\/maatalous\/wp-json\/wp\/v2\/users\/1"}],"replies":[{"embeddable":true,"href":"https:\/\/www.odum.fi\/maatalous\/wp-json\/wp\/v2\/comments?post=790"}],"version-history":[{"count":15,"href":"https:\/\/www.odum.fi\/maatalous\/wp-json\/wp\/v2\/pages\/790\/revisions"}],"predecessor-version":[{"id":4737,"href":"https:\/\/www.odum.fi\/maatalous\/wp-json\/wp\/v2\/pages\/790\/revisions\/4737"}],"wp:attachment":[{"href":"https:\/\/www.odum.fi\/maatalous\/wp-json\/wp\/v2\/media?parent=790"}],"curies":[{"name":"wp","href":"https:\/\/api.w.org\/{rel}","templated":true}]}}